{"id":12634,"date":"2018-10-22T02:33:18","date_gmt":"2018-10-22T06:33:18","guid":{"rendered":"https:\/\/coinlavigne.com\/sitemap\/"},"modified":"2020-01-08T12:29:10","modified_gmt":"2020-01-08T17:29:10","slug":"sitemap","status":"publish","type":"page","link":"https:\/\/coinlavigne.com\/en\/sitemap\/","title":{"rendered":"Sitemap"},"content":{"rendered":"<p>[et_pb_section fb_built=&#8221;1&#8243; _builder_version=&#8221;3.22&#8243; background_image=&#8221;https:\/\/coinlavigne.com\/wp-content\/uploads\/2017\/04\/Coin-Lavigne-Logo-Accueil.jpg&#8221;][et_pb_row _builder_version=&#8221;3.25&#8243; custom_margin=&#8221;||0px|&#8221; custom_padding=&#8221;||0px|&#8221;][et_pb_column type=&#8221;4_4&#8243; _builder_version=&#8221;3.25&#8243; custom_padding=&#8221;|||&#8221; custom_padding__hover=&#8221;|||&#8221;][et_pb_text _builder_version=&#8221;3.27.4&#8243; header_text_align=&#8221;center&#8221; header_text_color=&#8221;#ff6600&#8243; background_color=&#8221;rgba(0,0,0,0.8)&#8221; background_layout=&#8221;dark&#8221; custom_padding=&#8221;30px|||&#8221;]<\/p>\n<h1>Sitemap<\/h1>\n<p>[\/et_pb_text][\/et_pb_column][\/et_pb_row][et_pb_row _builder_version=&#8221;3.25&#8243; background_color=&#8221;rgba(0,0,0,0.8)&#8221; column_structure=&#8221;1_3,1_3,1_3&#8243;][et_pb_column type=&#8221;1_3&#8243; _builder_version=&#8221;3.25&#8243; custom_padding=&#8221;|||&#8221; custom_padding__hover=&#8221;|||&#8221;][\/et_pb_column][et_pb_column type=&#8221;1_3&#8243; _builder_version=&#8221;3.25&#8243; custom_padding=&#8221;|||&#8221; custom_padding__hover=&#8221;|||&#8221;][et_pb_text admin_label=&#8221;Plan du site&#8221; _builder_version=&#8221;3.27.4&#8243;]<\/p>\n<div><code><div class=\"wsp-container\"><h2 class=\"wsp-pages-title\">Pages<\/h2>\n<ul class=\"wsp-pages-list\">\n<li class=\"page_item page-item-16468\"><a href=\"https:\/\/coinlavigne.com\/en\/00-beto-test\/\">00 &#8211; Beto test<\/a><\/li>\n<li class=\"page_item page-item-12253\"><a href=\"https:\/\/coinlavigne.com\/en\/about-us\/\">About us<\/a><\/li>\n<li class=\"page_item page-item-12283\"><a href=\"https:\/\/coinlavigne.com\/en\/confirmation\/\">Confirmation<\/a><\/li>\n<li class=\"page_item page-item-12285\"><a href=\"https:\/\/coinlavigne.com\/en\/contact\/\">Contact<\/a><\/li>\n<li class=\"page_item page-item-12257\"><a href=\"https:\/\/coinlavigne.com\/en\/\">Home<\/a><\/li>\n<li class=\"page_item page-item-12287 page_item_has_children\"><a href=\"https:\/\/coinlavigne.com\/en\/our-facilities\/\">Our facilities<\/a>\n<ul class='children'>\n\t<li class=\"page_item page-item-12417 page_item_has_children\"><a href=\"https:\/\/coinlavigne.com\/en\/our-facilities\/auger-lake\/\">Auger Lake<\/a>\n\t<ul class='children'>\n\t\t<li class=\"page_item page-item-12355\"><a href=\"https:\/\/coinlavigne.com\/en\/our-facilities\/auger-lake\/auger-cottage\/\">Auger Cottage<\/a><\/li>\n\t\t<li class=\"page_item page-item-12358\"><a href=\"https:\/\/coinlavigne.com\/en\/our-facilities\/auger-lake\/paul-cottage\/\">Paul Cottage<\/a><\/li>\n\t<\/ul>\n<\/li>\n\t<li class=\"page_item page-item-12419 page_item_has_children\"><a href=\"https:\/\/coinlavigne.com\/en\/our-facilities\/blanc-lake\/\">Blanc Lake<\/a>\n\t<ul class='children'>\n\t\t<li class=\"page_item page-item-12377\"><a href=\"https:\/\/coinlavigne.com\/en\/our-facilities\/blanc-lake\/blanc-cottage\/\">Blanc Cottage<\/a><\/li>\n\t\t<li class=\"page_item page-item-12413\"><a href=\"https:\/\/coinlavigne.com\/en\/our-facilities\/blanc-lake\/castor-cottage\/\">Castor Cottage<\/a><\/li>\n\t\t<li class=\"page_item page-item-12415\"><a href=\"https:\/\/coinlavigne.com\/en\/our-facilities\/blanc-lake\/de-la-pointe-cottage\/\">de la Pointe Cottage<\/a><\/li>\n\t<\/ul>\n<\/li>\n\t<li class=\"page_item page-item-12320\"><a href=\"https:\/\/coinlavigne.com\/en\/our-facilities\/boreal-cottage\/\">Bor\u00e9al Cottage<\/a><\/li>\n\t<li class=\"page_item page-item-12328\"><a href=\"https:\/\/coinlavigne.com\/en\/our-facilities\/drapeau-cottage\/\">Drapeau Cottage<\/a><\/li>\n\t<li class=\"page_item page-item-12351\"><a href=\"https:\/\/coinlavigne.com\/en\/our-facilities\/du-trou-cottage\/\">du Trou Cottage<\/a><\/li>\n\t<li class=\"page_item page-item-12451 page_item_has_children\"><a href=\"https:\/\/coinlavigne.com\/en\/our-facilities\/lassomption-river\/\">L&#8217;Assomption River<\/a>\n\t<ul class='children'>\n\t\t<li class=\"page_item page-item-12471\"><a href=\"https:\/\/coinlavigne.com\/en\/our-facilities\/lassomption-river\/caribou-cottage\/\">Caribou Cottage<\/a><\/li>\n\t\t<li class=\"page_item page-item-12478\"><a href=\"https:\/\/coinlavigne.com\/en\/our-facilities\/lassomption-river\/chevreuil-cottage\/\">Chevreuil Cottage<\/a><\/li>\n\t\t<li class=\"page_item page-item-12453\"><a href=\"https:\/\/coinlavigne.com\/en\/our-facilities\/lassomption-river\/ecureuil-cottage\/\">\u00c9cureuil Cottage<\/a><\/li>\n\t\t<li class=\"page_item page-item-12469\"><a href=\"https:\/\/coinlavigne.com\/en\/our-facilities\/lassomption-river\/orignal-cottage\/\">Orignal Cottage<\/a><\/li>\n\t\t<li class=\"page_item page-item-12473\"><a href=\"https:\/\/coinlavigne.com\/en\/our-facilities\/lassomption-river\/wapiti-cottage\/\">Wapiti Cottage<\/a><\/li>\n\t<\/ul>\n<\/li>\n\t<li class=\"page_item page-item-12423 page_item_has_children\"><a href=\"https:\/\/coinlavigne.com\/en\/our-facilities\/lavigne-river\/\">Lavigne River<\/a>\n\t<ul class='children'>\n\t\t<li class=\"page_item page-item-12427\"><a href=\"https:\/\/coinlavigne.com\/en\/our-facilities\/lavigne-river\/loup-cottage\/\">Loup Cottage<\/a><\/li>\n\t\t<li class=\"page_item page-item-12430\"><a href=\"https:\/\/coinlavigne.com\/en\/our-facilities\/lavigne-river\/lynx-cottage\/\">Lynx Cottage<\/a><\/li>\n\t\t<li class=\"page_item page-item-12425\"><a href=\"https:\/\/coinlavigne.com\/en\/our-facilities\/lavigne-river\/ours-cottage\/\">Ours Cottage<\/a><\/li>\n\t\t<li class=\"page_item page-item-12434\"><a href=\"https:\/\/coinlavigne.com\/en\/our-facilities\/lavigne-river\/perdrix-cottage\/\">Perdrix Cottage<\/a><\/li>\n\t\t<li class=\"page_item page-item-12432\"><a href=\"https:\/\/coinlavigne.com\/en\/our-facilities\/lavigne-river\/renard-cottage\/\">Renard Cottage<\/a><\/li>\n\t<\/ul>\n<\/li>\n<\/ul>\n<\/li>\n<li class=\"page_item page-item-12233\"><a href=\"https:\/\/coinlavigne.com\/en\/photo-album\/\">Photo Album<\/a><\/li>\n<li class=\"page_item page-item-12546 page_item_has_children\"><a href=\"https:\/\/coinlavigne.com\/en\/pricing\/\">Pricing<\/a>\n<ul class='children'>\n\t<li class=\"page_item page-item-12602\"><a href=\"https:\/\/coinlavigne.com\/en\/pricing\/cottage-fishing-winter\/\">Cottage &#038; Room Rental during Winter<\/a><\/li>\n\t<li class=\"page_item page-item-12548\"><a href=\"https:\/\/coinlavigne.com\/en\/pricing\/cottage-fishing-summer\/\">Cottage rental &#038; Fishing during Summer<\/a><\/li>\n\t<li class=\"page_item page-item-12606\"><a href=\"https:\/\/coinlavigne.com\/en\/pricing\/cottage-without-fishing\/\">Cottage rental Without Fishing<\/a><\/li>\n\t<li class=\"page_item page-item-12623\"><a href=\"https:\/\/coinlavigne.com\/en\/pricing\/daily-fishing-summer\/\">Daily Fishing during Summer<\/a><\/li>\n\t<li class=\"page_item page-item-12625\"><a href=\"https:\/\/coinlavigne.com\/en\/pricing\/daily-fishing-winter\/\">Daily Fishing during Winter<\/a><\/li>\n\t<li class=\"page_item page-item-12627\"><a href=\"https:\/\/coinlavigne.com\/en\/pricing\/fishing-packages\/\">Fishing Packages<\/a><\/li>\n\t<li class=\"page_item page-item-15242\"><a href=\"https:\/\/coinlavigne.com\/en\/pricing\/hunting-rates\/\">Hunting Rates<\/a><\/li>\n<\/ul>\n<\/li>\n<li class=\"page_item page-item-16481\"><a href=\"https:\/\/coinlavigne.com\/en\/privacy-policy\/\">Privacy Policy<\/a><\/li>\n<li class=\"page_item page-item-12481 page_item_has_children\"><a href=\"https:\/\/coinlavigne.com\/en\/services\/\">Services<\/a>\n<ul class='children'>\n\t<li class=\"page_item page-item-12485\"><a href=\"https:\/\/coinlavigne.com\/en\/services\/cottages\/\">Cottages<\/a><\/li>\n\t<li class=\"page_item page-item-12495\"><a href=\"https:\/\/coinlavigne.com\/en\/services\/fishing\/\">Fishing<\/a><\/li>\n\t<li class=\"page_item page-item-12526\"><a href=\"https:\/\/coinlavigne.com\/en\/services\/hunting\/\">Hunting<\/a><\/li>\n<\/ul>\n<\/li>\n<li class=\"page_item page-item-12634\"><a href=\"https:\/\/coinlavigne.com\/en\/sitemap\/\">Sitemap<\/a><\/li>\n<li class=\"page_item page-item-12629\"><a href=\"https:\/\/coinlavigne.com\/en\/terms-and-conditions\/\">Terms and Conditions<\/a><\/li>\n<\/ul>\n<\/div><\/code><\/div>\n<p>[\/et_pb_text][\/et_pb_column][et_pb_column type=&#8221;1_3&#8243; _builder_version=&#8221;3.25&#8243; custom_padding=&#8221;|||&#8221; custom_padding__hover=&#8221;|||&#8221;][\/et_pb_column][\/et_pb_row][\/et_pb_section][et_pb_section fb_built=&#8221;1&#8243; _builder_version=&#8221;3.22&#8243; background_color=&#8221;#000000&#8243; custom_margin=&#8221;0px||0px|&#8221; custom_padding=&#8221;10px||0px|&#8221;][et_pb_row module_class=&#8221; et_pb_row_fullwidth&#8221; _builder_version=&#8221;3.25&#8243; width=&#8221;89%&#8221; width_tablet=&#8221;80%&#8221; width_last_edited=&#8221;on|desktop&#8221; max_width=&#8221;89%&#8221; max_width_tablet=&#8221;80%&#8221; max_width_last_edited=&#8221;on|desktop&#8221; make_fullwidth=&#8221;on&#8221;][et_pb_column type=&#8221;4_4&#8243; _builder_version=&#8221;3.25&#8243; custom_padding=&#8221;|||&#8221; custom_padding__hover=&#8221;|||&#8221;][et_pb_text admin_label=&#8221;SEO Footer&#8221; _builder_version=&#8221;3.27.4&#8243; header_3_text_align=&#8221;center&#8221;]<\/p>\n<h3>Sitemap &#8211; Coin Lavigne &#8211; Outfitter &#8211; Coin Lavigne Outfitter &#8211; Partners &#8211; Home &#8211; About us &#8211; Services &#8211; Pricing &#8211; Our facilities &#8211; Photo album &#8211; Contact &#8211; Terms and conditions &#8211; Fishing &#8211; Ice fishing &#8211; Hunting &#8211; Cottage &#8211; Cottage rental &#8211; Snowmobile &#8211; Snowmobile rental &#8211; Summer Rates &#8211; Winter Rates &#8211; Rates without fishing &#8211; Bor\u00e9al Cottage &#8211; du Trou Cottage &#8211; Drapeau Cottage &#8211; Auger Lake &#8211; Auger Cottage &#8211; Paul Cottage &#8211; Blanc Lake &#8211; Blanc Cottage &#8211; Lapointe Cottage &#8211; Castor Cottage &#8211; Lavigne River &#8211; Ours Cottage &#8211; Loup Cottage &#8211; Lynx Cottage &#8211; Renard Cottage &#8211; Perdrix Cottage &#8211; L\u2019Assomption River &#8211; Orignal Cottage &#8211; Caribou Cottage &#8211; Wapiti Cottage &#8211; Chevreuil Cottage &#8211; \u00c9cureuil Cottage &#8211; St-Come Outfitter &#8211; Lanaudi\u00e8re Outfitter &#8211; Yoast &#8211; Yoast Certified &#8211; Yoast SEO &#8211; <a href=\"https:\/\/info-clic.info\/en\/\">Info-Clic<\/a> &#8211; <a href=\"https:\/\/info-clic.info\/en\/\">Info-Clic.info<\/a> &#8211; <a href=\"https:\/\/info-clic.info\/en\/\">InfoClic<\/a> &#8211; <a href=\"https:\/\/info-clic.info\/en\/\">Info Clic<\/a> &#8211; <a href=\"https:\/\/info-clic.info\/en\/repertoire-entreprises\/\">Business directory<\/a> &#8211; <a href=\"https:\/\/info-clic.info\/en\/repertoire-entreprises\/\">Business Registrar<\/a> &#8211; <a href=\"https:\/\/info-clic.info\/en\/repertoire-entreprises\/\">Business Registry<\/a> &#8211; <a href=\"https:\/\/info-clic.info\/en\/repertoire-entreprises\/\">Company Directory<\/a> &#8211; <a href=\"https:\/\/info-clic.info\/en\/repertoire-entreprises\/\">Directory of businesses<\/a> &#8211; <a href=\"https:\/\/info-clic.info\/en\/publication\/coin-lavigne\/\">Category &#8211; Outdoor &#8211; Sports and Leisure<\/a> &#8211; <a href=\"https:\/\/info-clic.info\/en\/publication\/coin-lavigne\/\">Photo Gallery Info-Clic<\/a> &#8211; <a href=\"https:\/\/info-clic.info\/en\/publication\/coin-lavigne\/\">Business location<\/a> &#8211; <a href=\"https:\/\/info-clic.info\/en\/publication\/coin-lavigne\/\">Payment method and Commodities<\/a> &#8211; <a href=\"https:\/\/info-clic.info\/en\/publication\/coin-lavigne\/\">Profile Info-Clic<\/a> &#8211; <a href=\"https:\/\/info-clic.info\/en\/publication\/coin-lavigne\/\">Review<\/a> &#8211; <a href=\"https:\/\/info-clic.info\/en\/publication\/coin-lavigne\/\">Info-Clic Coin Lavigne<\/a> &#8211; <a href=\"https:\/\/info-clic.info\/en\/publication\/coin-lavigne\/\">Coin Lavigne on Info-Clic<\/a> &#8211; <a href=\"https:\/\/info-clic.info\/en\/publication\/coin-lavigne\/\">Coin Lavigne &#8211; Business directory Info-Clic<\/a> &#8211; <a href=\"https:\/\/info-clic.info\/en\/publication\/coin-lavigne\/\">Coin Lavigne &#8211; Business Registrar Info-Clic<\/a> &#8211; <a href=\"https:\/\/info-clic.info\/en\/publication\/coin-lavigne\/\">Coin Lavigne &#8211; Business Registry Info-Clic<\/a> &#8211; <a href=\"https:\/\/info-clic.info\/en\/publication\/coin-lavigne\/\">Coin Lavigne &#8211; Directory of businesses Info-Clic<\/a> &#8211; Mont-Tremblant Park &#8211; Upper Matawinie &#8211; Lanaudi\u00e8re &#8211; St-Come &#8211; Quebec &#8211; Qc<\/span><\/h3>\n<p>[\/et_pb_text][\/et_pb_column][\/et_pb_row][\/et_pb_section]<\/p>\n<span class=\"et_bloom_bottom_trigger\"><\/span>","protected":false},"excerpt":{"rendered":"<p>Sitemap <div class=\"wsp-container\"><h2 class=\"wsp-pages-title\">Pages<\/h2>\n<ul class=\"wsp-pages-list\">\n<li class=\"page_item page-item-16468\"><a href=\"https:\/\/coinlavigne.com\/en\/00-beto-test\/\">00 &#8211; Beto test<\/a><\/li>\n<li class=\"page_item page-item-12253\"><a href=\"https:\/\/coinlavigne.com\/en\/about-us\/\">About us<\/a><\/li>\n<li class=\"page_item page-item-12283\"><a href=\"https:\/\/coinlavigne.com\/en\/confirmation\/\">Confirmation<\/a><\/li>\n<li class=\"page_item page-item-12285\"><a href=\"https:\/\/coinlavigne.com\/en\/contact\/\">Contact<\/a><\/li>\n<li class=\"page_item page-item-12257\"><a href=\"https:\/\/coinlavigne.com\/en\/\">Home<\/a><\/li>\n<li class=\"page_item page-item-12287 page_item_has_children\"><a href=\"https:\/\/coinlavigne.com\/en\/our-facilities\/\">Our facilities<\/a>\n<ul class='children'>\n\t<li class=\"page_item page-item-12417 page_item_has_children\"><a href=\"https:\/\/coinlavigne.com\/en\/our-facilities\/auger-lake\/\">Auger Lake<\/a>\n\t<ul class='children'>\n\t\t<li class=\"page_item page-item-12355\"><a href=\"https:\/\/coinlavigne.com\/en\/our-facilities\/auger-lake\/auger-cottage\/\">Auger Cottage<\/a><\/li>\n\t\t<li class=\"page_item page-item-12358\"><a href=\"https:\/\/coinlavigne.com\/en\/our-facilities\/auger-lake\/paul-cottage\/\">Paul Cottage<\/a><\/li>\n\t<\/ul>\n<\/li>\n\t<li class=\"page_item page-item-12419 page_item_has_children\"><a href=\"https:\/\/coinlavigne.com\/en\/our-facilities\/blanc-lake\/\">Blanc Lake<\/a>\n\t<ul class='children'>\n\t\t<li class=\"page_item page-item-12377\"><a href=\"https:\/\/coinlavigne.com\/en\/our-facilities\/blanc-lake\/blanc-cottage\/\">Blanc Cottage<\/a><\/li>\n\t\t<li class=\"page_item page-item-12413\"><a href=\"https:\/\/coinlavigne.com\/en\/our-facilities\/blanc-lake\/castor-cottage\/\">Castor Cottage<\/a><\/li>\n\t\t<li class=\"page_item page-item-12415\"><a href=\"https:\/\/coinlavigne.com\/en\/our-facilities\/blanc-lake\/de-la-pointe-cottage\/\">de la Pointe Cottage<\/a><\/li>\n\t<\/ul>\n<\/li>\n\t<li class=\"page_item page-item-12320\"><a href=\"https:\/\/coinlavigne.com\/en\/our-facilities\/boreal-cottage\/\">Bor\u00e9al Cottage<\/a><\/li>\n\t<li class=\"page_item page-item-12328\"><a href=\"https:\/\/coinlavigne.com\/en\/our-facilities\/drapeau-cottage\/\">Drapeau Cottage<\/a><\/li>\n\t<li class=\"page_item page-item-12351\"><a href=\"https:\/\/coinlavigne.com\/en\/our-facilities\/du-trou-cottage\/\">du Trou Cottage<\/a><\/li>\n\t<li class=\"page_item page-item-12451 page_item_has_children\"><a href=\"https:\/\/coinlavigne.com\/en\/our-facilities\/lassomption-river\/\">L&#8217;Assomption River<\/a>\n\t<ul class='children'>\n\t\t<li class=\"page_item page-item-12471\"><a href=\"https:\/\/coinlavigne.com\/en\/our-facilities\/lassomption-river\/caribou-cottage\/\">Caribou Cottage<\/a><\/li>\n\t\t<li class=\"page_item page-item-12478\"><a href=\"https:\/\/coinlavigne.com\/en\/our-facilities\/lassomption-river\/chevreuil-cottage\/\">Chevreuil Cottage<\/a><\/li>\n\t\t<li class=\"page_item page-item-12453\"><a href=\"https:\/\/coinlavigne.com\/en\/our-facilities\/lassomption-river\/ecureuil-cottage\/\">\u00c9cureuil Cottage<\/a><\/li>\n\t\t<li class=\"page_item page-item-12469\"><a href=\"https:\/\/coinlavigne.com\/en\/our-facilities\/lassomption-river\/orignal-cottage\/\">Orignal Cottage<\/a><\/li>\n\t\t<li class=\"page_item page-item-12473\"><a href=\"https:\/\/coinlavigne.com\/en\/our-facilities\/lassomption-river\/wapiti-cottage\/\">Wapiti Cottage<\/a><\/li>\n\t<\/ul>\n<\/li>\n\t<li class=\"page_item page-item-12423 page_item_has_children\"><a href=\"https:\/\/coinlavigne.com\/en\/our-facilities\/lavigne-river\/\">Lavigne River<\/a>\n\t<ul class='children'>\n\t\t<li class=\"page_item page-item-12427\"><a href=\"https:\/\/coinlavigne.com\/en\/our-facilities\/lavigne-river\/loup-cottage\/\">Loup Cottage<\/a><\/li>\n\t\t<li class=\"page_item page-item-12430\"><a href=\"https:\/\/coinlavigne.com\/en\/our-facilities\/lavigne-river\/lynx-cottage\/\">Lynx Cottage<\/a><\/li>\n\t\t<li class=\"page_item page-item-12425\"><a href=\"https:\/\/coinlavigne.com\/en\/our-facilities\/lavigne-river\/ours-cottage\/\">Ours Cottage<\/a><\/li>\n\t\t<li class=\"page_item page-item-12434\"><a href=\"https:\/\/coinlavigne.com\/en\/our-facilities\/lavigne-river\/perdrix-cottage\/\">Perdrix Cottage<\/a><\/li>\n\t\t<li class=\"page_item page-item-12432\"><a href=\"https:\/\/coinlavigne.com\/en\/our-facilities\/lavigne-river\/renard-cottage\/\">Renard Cottage<\/a><\/li>\n\t<\/ul>\n<\/li>\n<\/ul>\n<\/li>\n<li class=\"page_item page-item-12233\"><a href=\"https:\/\/coinlavigne.com\/en\/photo-album\/\">Photo Album<\/a><\/li>\n<li class=\"page_item page-item-12546 page_item_has_children\"><a href=\"https:\/\/coinlavigne.com\/en\/pricing\/\">Pricing<\/a>\n<ul class='children'>\n\t<li class=\"page_item page-item-12602\"><a href=\"https:\/\/coinlavigne.com\/en\/pricing\/cottage-fishing-winter\/\">Cottage &#038; Room Rental during Winter<\/a><\/li>\n\t<li class=\"page_item page-item-12548\"><a href=\"https:\/\/coinlavigne.com\/en\/pricing\/cottage-fishing-summer\/\">Cottage rental &#038; Fishing during Summer<\/a><\/li>\n\t<li class=\"page_item page-item-12606\"><a href=\"https:\/\/coinlavigne.com\/en\/pricing\/cottage-without-fishing\/\">Cottage rental Without Fishing<\/a><\/li>\n\t<li class=\"page_item page-item-12623\"><a href=\"https:\/\/coinlavigne.com\/en\/pricing\/daily-fishing-summer\/\">Daily Fishing during Summer<\/a><\/li>\n\t<li class=\"page_item page-item-12625\"><a href=\"https:\/\/coinlavigne.com\/en\/pricing\/daily-fishing-winter\/\">Daily Fishing during Winter<\/a><\/li>\n\t<li class=\"page_item page-item-12627\"><a href=\"https:\/\/coinlavigne.com\/en\/pricing\/fishing-packages\/\">Fishing Packages<\/a><\/li>\n\t<li class=\"page_item page-item-15242\"><a href=\"https:\/\/coinlavigne.com\/en\/pricing\/hunting-rates\/\">Hunting Rates<\/a><\/li>\n<\/ul>\n<\/li>\n<li class=\"page_item page-item-16481\"><a href=\"https:\/\/coinlavigne.com\/en\/privacy-policy\/\">Privacy Policy<\/a><\/li>\n<li class=\"page_item page-item-12481 page_item_has_children\"><a href=\"https:\/\/coinlavigne.com\/en\/services\/\">Services<\/a>\n<ul class='children'>\n\t<li class=\"page_item page-item-12485\"><a href=\"https:\/\/coinlavigne.com\/en\/services\/cottages\/\">Cottages<\/a><\/li>\n\t<li class=\"page_item page-item-12495\"><a href=\"https:\/\/coinlavigne.com\/en\/services\/fishing\/\">Fishing<\/a><\/li>\n\t<li class=\"page_item page-item-12526\"><a href=\"https:\/\/coinlavigne.com\/en\/services\/hunting\/\">Hunting<\/a><\/li>\n<\/ul>\n<\/li>\n<li class=\"page_item page-item-12634\"><a href=\"https:\/\/coinlavigne.com\/en\/sitemap\/\">Sitemap<\/a><\/li>\n<li class=\"page_item page-item-12629\"><a href=\"https:\/\/coinlavigne.com\/en\/terms-and-conditions\/\">Terms and Conditions<\/a><\/li>\n<\/ul>\n<\/div> Sitemap &#8211; Coin Lavigne &#8211; Outfitter &#8211; Coin Lavigne Outfitter &#8211; Partners &#8211; Home &#8211; About us &#8211; Services &#8211; Pricing &#8211; Our facilities &#8211; Photo album &#8211; Contact &#8211; Terms and conditions &#8211; Fishing &#8211; Ice fishing &#8211; Hunting &#8211; Cottage &#8211; Cottage rental &#8211; Snowmobile &#8211; Snowmobile rental &#8211; Summer\u2026 <a href=\"https:\/\/coinlavigne.com\/en\/sitemap\/\">Read More &raquo;<\/a><\/p>\n","protected":false},"author":1,"featured_media":0,"parent":0,"menu_order":0,"comment_status":"closed","ping_status":"closed","template":"","meta":{"_et_pb_use_builder":"on","_et_pb_old_content":"","_et_gb_content_width":"","footnotes":""},"class_list":["post-12634","page","type-page","status-publish","hentry"],"yoast_head":"<!-- This site is optimized with the Yoast SEO Premium plugin v19.1 (Yoast SEO v27.2) - https:\/\/yoast.com\/product\/yoast-seo-premium-wordpress\/ -->\n<title>Sitemap - Coin Lavigne Outfitter - St-C\u00f4me - Lanaudi\u00e8re<\/title>\n<meta name=\"description\" content=\"Sitemap. Coin Lavigne. Outfitter. About us. Services. Pricing. Our facilities. Photo Album. Lanaudi\u00e8re. St-C\u00f4me. Qu\u00e9bec.\" \/>\n<meta name=\"robots\" content=\"index, follow, max-snippet:-1, max-image-preview:large, max-video-preview:-1\" \/>\n<link rel=\"canonical\" href=\"https:\/\/coinlavigne.com\/en\/sitemap\/\" \/>\n<meta property=\"og:locale\" content=\"en_US\" \/>\n<meta property=\"og:type\" content=\"article\" \/>\n<meta property=\"og:title\" content=\"Sitemap\" \/>\n<meta property=\"og:description\" content=\"Sitemap. Coin Lavigne. Outfitter. About us. Services. Pricing. Our facilities. Photo Album. Lanaudi\u00e8re. St-C\u00f4me. Qu\u00e9bec.\" \/>\n<meta property=\"og:url\" content=\"https:\/\/coinlavigne.com\/en\/sitemap\/\" \/>\n<meta property=\"og:site_name\" content=\"Pourvoirie Coin Lavigne\" \/>\n<meta property=\"article:modified_time\" content=\"2020-01-08T17:29:10+00:00\" \/>\n<meta name=\"twitter:card\" content=\"summary_large_image\" \/>\n<meta name=\"twitter:label1\" content=\"Est. reading time\" \/>\n\t<meta name=\"twitter:data1\" content=\"2 minutes\" \/>\n<script type=\"application\/ld+json\" class=\"yoast-schema-graph\">{\"@context\":\"https:\/\/schema.org\",\"@graph\":[{\"@type\":\"WebPage\",\"@id\":\"https:\/\/coinlavigne.com\/en\/sitemap\/\",\"url\":\"https:\/\/coinlavigne.com\/en\/sitemap\/\",\"name\":\"Sitemap - Coin Lavigne Outfitter - St-C\u00f4me - Lanaudi\u00e8re\",\"isPartOf\":{\"@id\":\"https:\/\/coinlavigne.com\/#website\"},\"datePublished\":\"2018-10-22T06:33:18+00:00\",\"dateModified\":\"2020-01-08T17:29:10+00:00\",\"description\":\"Sitemap. Coin Lavigne. Outfitter. About us. Services. Pricing. Our facilities. Photo Album. Lanaudi\u00e8re. St-C\u00f4me. Qu\u00e9bec.\",\"breadcrumb\":{\"@id\":\"https:\/\/coinlavigne.com\/en\/sitemap\/#breadcrumb\"},\"inLanguage\":\"en-US\",\"potentialAction\":[{\"@type\":\"ReadAction\",\"target\":[\"https:\/\/coinlavigne.com\/en\/sitemap\/\"]}]},{\"@type\":\"BreadcrumbList\",\"@id\":\"https:\/\/coinlavigne.com\/en\/sitemap\/#breadcrumb\",\"itemListElement\":[{\"@type\":\"ListItem\",\"position\":1,\"name\":\"Home\",\"item\":\"https:\/\/coinlavigne.com\/en\/\"},{\"@type\":\"ListItem\",\"position\":2,\"name\":\"Sitemap\"}]},{\"@type\":\"WebSite\",\"@id\":\"https:\/\/coinlavigne.com\/#website\",\"url\":\"https:\/\/coinlavigne.com\/\",\"name\":\"Pourvoirie Coin Lavigne\",\"description\":\"Votre destination P\u00caCHE !\",\"potentialAction\":[{\"@type\":\"SearchAction\",\"target\":{\"@type\":\"EntryPoint\",\"urlTemplate\":\"https:\/\/coinlavigne.com\/?s={search_term_string}\"},\"query-input\":{\"@type\":\"PropertyValueSpecification\",\"valueRequired\":true,\"valueName\":\"search_term_string\"}}],\"inLanguage\":\"en-US\"}]}<\/script>\n<!-- \/ Yoast SEO Premium plugin. -->","yoast_head_json":{"title":"Sitemap - Coin Lavigne Outfitter - St-C\u00f4me - Lanaudi\u00e8re","description":"Sitemap. Coin Lavigne. Outfitter. About us. Services. Pricing. Our facilities. Photo Album. Lanaudi\u00e8re. St-C\u00f4me. Qu\u00e9bec.","robots":{"index":"index","follow":"follow","max-snippet":"max-snippet:-1","max-image-preview":"max-image-preview:large","max-video-preview":"max-video-preview:-1"},"canonical":"https:\/\/coinlavigne.com\/en\/sitemap\/","og_locale":"en_US","og_type":"article","og_title":"Sitemap","og_description":"Sitemap. Coin Lavigne. Outfitter. About us. Services. Pricing. Our facilities. Photo Album. Lanaudi\u00e8re. St-C\u00f4me. Qu\u00e9bec.","og_url":"https:\/\/coinlavigne.com\/en\/sitemap\/","og_site_name":"Pourvoirie Coin Lavigne","article_modified_time":"2020-01-08T17:29:10+00:00","twitter_card":"summary_large_image","twitter_misc":{"Est. reading time":"2 minutes"},"schema":{"@context":"https:\/\/schema.org","@graph":[{"@type":"WebPage","@id":"https:\/\/coinlavigne.com\/en\/sitemap\/","url":"https:\/\/coinlavigne.com\/en\/sitemap\/","name":"Sitemap - Coin Lavigne Outfitter - St-C\u00f4me - Lanaudi\u00e8re","isPartOf":{"@id":"https:\/\/coinlavigne.com\/#website"},"datePublished":"2018-10-22T06:33:18+00:00","dateModified":"2020-01-08T17:29:10+00:00","description":"Sitemap. Coin Lavigne. Outfitter. About us. Services. Pricing. Our facilities. Photo Album. Lanaudi\u00e8re. St-C\u00f4me. Qu\u00e9bec.","breadcrumb":{"@id":"https:\/\/coinlavigne.com\/en\/sitemap\/#breadcrumb"},"inLanguage":"en-US","potentialAction":[{"@type":"ReadAction","target":["https:\/\/coinlavigne.com\/en\/sitemap\/"]}]},{"@type":"BreadcrumbList","@id":"https:\/\/coinlavigne.com\/en\/sitemap\/#breadcrumb","itemListElement":[{"@type":"ListItem","position":1,"name":"Home","item":"https:\/\/coinlavigne.com\/en\/"},{"@type":"ListItem","position":2,"name":"Sitemap"}]},{"@type":"WebSite","@id":"https:\/\/coinlavigne.com\/#website","url":"https:\/\/coinlavigne.com\/","name":"Pourvoirie Coin Lavigne","description":"Votre destination P\u00caCHE !","potentialAction":[{"@type":"SearchAction","target":{"@type":"EntryPoint","urlTemplate":"https:\/\/coinlavigne.com\/?s={search_term_string}"},"query-input":{"@type":"PropertyValueSpecification","valueRequired":true,"valueName":"search_term_string"}}],"inLanguage":"en-US"}]}},"_links":{"self":[{"href":"https:\/\/coinlavigne.com\/en\/wp-json\/wp\/v2\/pages\/12634","targetHints":{"allow":["GET"]}}],"collection":[{"href":"https:\/\/coinlavigne.com\/en\/wp-json\/wp\/v2\/pages"}],"about":[{"href":"https:\/\/coinlavigne.com\/en\/wp-json\/wp\/v2\/types\/page"}],"author":[{"embeddable":true,"href":"https:\/\/coinlavigne.com\/en\/wp-json\/wp\/v2\/users\/1"}],"replies":[{"embeddable":true,"href":"https:\/\/coinlavigne.com\/en\/wp-json\/wp\/v2\/comments?post=12634"}],"version-history":[{"count":1,"href":"https:\/\/coinlavigne.com\/en\/wp-json\/wp\/v2\/pages\/12634\/revisions"}],"predecessor-version":[{"id":14671,"href":"https:\/\/coinlavigne.com\/en\/wp-json\/wp\/v2\/pages\/12634\/revisions\/14671"}],"wp:attachment":[{"href":"https:\/\/coinlavigne.com\/en\/wp-json\/wp\/v2\/media?parent=12634"}],"curies":[{"name":"wp","href":"https:\/\/api.w.org\/{rel}","templated":true}]}}