{"id":12629,"date":"2018-10-22T02:17:48","date_gmt":"2018-10-22T06:17:48","guid":{"rendered":"https:\/\/coinlavigne.com\/terms-and-conditions\/"},"modified":"2024-01-19T15:03:59","modified_gmt":"2024-01-19T20:03:59","slug":"terms-and-conditions","status":"publish","type":"page","link":"https:\/\/coinlavigne.com\/en\/terms-and-conditions\/","title":{"rendered":"Terms and Conditions"},"content":{"rendered":"<p>[et_pb_section fb_built=&#8221;1&#8243; _builder_version=&#8221;4.16&#8243; background_image=&#8221;https:\/\/coinlavigne.com\/wp-content\/uploads\/2017\/04\/Coin-Lavigne-Logo-Accueil.jpg&#8221; global_colors_info=&#8221;{}&#8221;][et_pb_row _builder_version=&#8221;4.16&#8243; background_size=&#8221;initial&#8221; background_position=&#8221;top_left&#8221; background_repeat=&#8221;repeat&#8221; global_colors_info=&#8221;{}&#8221;][et_pb_column type=&#8221;4_4&#8243; _builder_version=&#8221;4.16&#8243; custom_padding=&#8221;|||&#8221; global_colors_info=&#8221;{}&#8221; custom_padding__hover=&#8221;|||&#8221;][et_pb_text _builder_version=&#8221;4.16&#8243; header_text_align=&#8221;center&#8221; header_text_color=&#8221;#ff6600&#8243; header_font_size=&#8221;36px&#8221; background_color=&#8221;rgba(0,0,0,0.8)&#8221; background_layout=&#8221;dark&#8221; custom_padding=&#8221;30px|20px|30px|20px&#8221; global_colors_info=&#8221;{}&#8221;]<\/p>\n<h1>Terms and Conditions<\/h1>\n<p>[\/et_pb_text][\/et_pb_column][\/et_pb_row][et_pb_row _builder_version=&#8221;4.16&#8243; background_size=&#8221;initial&#8221; background_position=&#8221;top_left&#8221; background_repeat=&#8221;repeat&#8221; global_colors_info=&#8221;{}&#8221;][et_pb_column type=&#8221;4_4&#8243; _builder_version=&#8221;4.16&#8243; custom_padding=&#8221;|||&#8221; global_colors_info=&#8221;{}&#8221; custom_padding__hover=&#8221;|||&#8221;][et_pb_text _builder_version=&#8221;4.24.0&#8243; header_2_text_color=&#8221;#ff6600&#8243; background_color=&#8221;rgba(0,0,0,0.8)&#8221; background_layout=&#8221;dark&#8221; custom_padding=&#8221;30px|20px|30px|20px&#8221; hover_enabled=&#8221;0&#8243; global_colors_info=&#8221;{}&#8221; sticky_enabled=&#8221;0&#8243;]<\/p>\n<h2>Reservation policy:<\/h2>\n<p>\u00b7 For a reservation, an amount of 30% of the invoice is required as a deposit;<br \/>\u00b7 For a family package reservation 5 or 7 days, a deposit of 200$ per family is required.<\/p>\n<h2>Cancellation Policy:<\/h2>\n<p>\u00b7 Refundable deposit if canceled more than one month in advance;<br \/>\u00b7 16 days or more before the arrival date, non-refundable deposit, postpone for a future reservation;<br \/>\u00b7 From 15 days before the arrival date, loss of deposit;<br \/>\u00b7 7 days and less before the arrival date, the total amount of the contract is due.<\/p>\n<p>[\/et_pb_text][\/et_pb_column][\/et_pb_row][\/et_pb_section][et_pb_section fb_built=&#8221;1&#8243; _builder_version=&#8221;3.22&#8243; background_color=&#8221;#000000&#8243; custom_margin=&#8221;||0px|&#8221; custom_padding=&#8221;||0px|&#8221; global_module=&#8221;10936&#8243; global_colors_info=&#8221;{}&#8221;][et_pb_row column_structure=&#8221;1_4,1_4,1_4,1_4&#8243; _builder_version=&#8221;4.16&#8243; background_size=&#8221;initial&#8221; background_position=&#8221;top_left&#8221; background_repeat=&#8221;repeat&#8221; custom_margin=&#8221;||0px|&#8221; custom_padding=&#8221;||0px|&#8221; global_colors_info=&#8221;{}&#8221;][et_pb_column type=&#8221;1_4&#8243; _builder_version=&#8221;4.16&#8243; custom_padding=&#8221;|||&#8221; global_colors_info=&#8221;{}&#8221; custom_padding__hover=&#8221;|||&#8221;][et_pb_text admin_label=&#8221;Our address&#8221; _builder_version=&#8221;4.16&#8243; text_text_color=&#8221;#ffffff&#8221; custom_padding=&#8221;|||10px&#8221; border_width_left=&#8221;2px&#8221; border_color_left=&#8221;#ff6600&#8243; global_colors_info=&#8221;{}&#8221;]<\/p>\n<h4>Our address<\/h4>\n<p>5045 Chemin du Parc-du-Mont-Tremblant<br \/>\nSaint-C\u00f4me, Qc<\/p>\n<h4><\/h4>\n<h5>Do not use this address for the GPS<\/h5>\n<p>[\/et_pb_text][\/et_pb_column][et_pb_column type=&#8221;1_4&#8243; _builder_version=&#8221;4.16&#8243; custom_padding=&#8221;|||&#8221; global_colors_info=&#8221;{}&#8221; custom_padding__hover=&#8221;|||&#8221;][et_pb_text admin_label=&#8221;GPS Coordinates&#8221; _builder_version=&#8221;4.16&#8243; text_text_color=&#8221;#ffffff&#8221; custom_padding=&#8221;|||10px&#8221; border_width_left=&#8221;2px&#8221; border_color_left=&#8221;#ff6600&#8243; global_colors_info=&#8221;{}&#8221;]<\/p>\n<h4>GPS Coordinates<\/h4>\n<p><a style=\"color: #ffffff;\" href=\"https:\/\/www.google.ca\/maps\/place\/46%C2%B023'00.2%22N+73%C2%B053'48.3%22W\/@46.3833889,-73.8989387,17z\/data=!3m1!4b1!4m5!3m4!1s0x0:0x0!8m2!3d46.38338!4d-73.89675\" target=\"_blank\" rel=\"noopener noreferrer\">46.38338N,73.89675W<\/a><\/p>\n<p>[\/et_pb_text][\/et_pb_column][et_pb_column type=&#8221;1_4&#8243; _builder_version=&#8221;4.16&#8243; custom_padding=&#8221;|||&#8221; global_colors_info=&#8221;{}&#8221; custom_padding__hover=&#8221;|||&#8221;][et_pb_text admin_label=&#8221;Informations&#8221; _builder_version=&#8221;4.16&#8243; text_text_color=&#8221;#ffffff&#8221; custom_padding=&#8221;|||10px&#8221; border_width_left=&#8221;2px&#8221; border_color_left=&#8221;#ff6600&#8243; global_colors_info=&#8221;{}&#8221;]<\/p>\n<h4>Informations<\/h4>\n<div><span style=\"color: #ff6600;\">Phone <\/span>(450) 883-1072<\/div>\n<div><span style=\"color: #ff6600;\">Toll Free <\/span>1-800-872-1072<\/div>\n<div><span style=\"color: #ff6600;\">Fax <\/span>(450) 883-8921<\/div>\n<div><span style=\"color: #ff6600;\">Email <\/span><a style=\"color: #ffffff;\" title=\"info@coinlavigne.com\" href=\"mailto:info@coinlavigne.com\">info@coinlavigne.com<\/a><\/div>\n<p>[\/et_pb_text][\/et_pb_column][et_pb_column type=&#8221;1_4&#8243; _builder_version=&#8221;4.16&#8243; custom_padding=&#8221;|||&#8221; global_colors_info=&#8221;{}&#8221; custom_padding__hover=&#8221;|||&#8221;][et_pb_text admin_label=&#8221;MailChimp Footer&#8221; _builder_version=&#8221;4.16&#8243; global_colors_info=&#8221;{}&#8221;]<\/p>\n<h4>Newsletter<\/h4>\n<div> \t<link href=\"\/\/cdn-images.mailchimp.com\/embedcode\/slim-10_7.css\" rel=\"stylesheet\" type=\"text\/css\">\n<style type=\"text\/css\">\n\t#mc_embed_signup{background:#000; clear:left; width:350px;}\n<\/style>\n<div id=\"mc_embed_signup\">\n<form action=\"https:\/\/coinlavigne.us14.list-manage.com\/subscribe\/post?u=af32baae55e27f021e06d5036&amp;id=12161bf4c3\" method=\"post\" id=\"mc-embedded-subscribe-form\" name=\"mc-embedded-subscribe-form\" class=\"validate\" target=\"_blank\" novalidate=\"novalidate\">\n<div id=\"mc_embed_signup_scroll\">\n\t<input type=\"email\" value=\"\" name=\"EMAIL\" class=\"email\" id=\"mce-EMAIL\" placeholder=\"email address\" required=\"\" aria-required=\"true\"><\/p>\n<div style=\"position: absolute; left: -5000px;\" aria-hidden=\"true\"><input type=\"text\" name=\"b_af32baae55e27f021e06d5036_12161bf4c3\" tabindex=\"-1\" value=\"\"><\/div>\n<div class=\"clear\"><input type=\"submit\" value=\"Subscribe\" name=\"subscribe\" id=\"mc-embedded-subscribe\" class=\"button\"><\/div>\n<\/div>\n<\/form>\n<\/div>\n<\/div>\n<p>[\/et_pb_text][\/et_pb_column][\/et_pb_row][\/et_pb_section][et_pb_section fb_built=&#8221;1&#8243; _builder_version=&#8221;4.16&#8243; background_color=&#8221;#000000&#8243; custom_margin=&#8221;0px||0px|&#8221; custom_padding=&#8221;10px||0px|&#8221; global_colors_info=&#8221;{}&#8221;][et_pb_row _builder_version=&#8221;4.16&#8243; custom_margin=&#8221;0px||0px|&#8221; global_colors_info=&#8221;{}&#8221;][et_pb_column type=&#8221;4_4&#8243; _builder_version=&#8221;4.16&#8243; custom_padding=&#8221;|||&#8221; global_colors_info=&#8221;{}&#8221; custom_padding__hover=&#8221;|||&#8221;][et_pb_text admin_label=&#8221;SEO Footer&#8221; _builder_version=&#8221;4.16&#8243; header_3_text_align=&#8221;center&#8221; global_colors_info=&#8221;{}&#8221;]<\/p>\n<h3>Termes et conditions &#8211; <a href=\"https:\/\/coinlavigne.com\/\">Pourvoirie Coin Lavigne<\/a> &#8211; Politique &#8211; <a href=\"https:\/\/coinlavigne.com\/contact\/\">R\u00e9servation<\/a> &#8211; Annulation &#8211; Politique de r\u00e9servation &#8211; Politique d&#8217;annulation &#8211; <a href=\"https:\/\/coinlavigne.com\/\">Accueil<\/a> &#8211; <a href=\"https:\/\/coinlavigne.com\/services\/\">Services<\/a> &#8211; <a href=\"https:\/\/coinlavigne.com\/tarification\/\">Tarification<\/a> &#8211; <a href=\"https:\/\/coinlavigne.com\/nos-installations\/\">Nos installations<\/a> &#8211; <a href=\"https:\/\/coinlavigne.com\/album-photos\/\">Album photos<\/a> &#8211; <a href=\"https:\/\/coinlavigne.com\/contact\/\">Contact<\/a> &#8211; Pourvoirie St-C\u00f4me &#8211; Pourvoirie Lanaudi\u00e8re &#8211; Lanaudi\u00e8re &#8211; St-C\u00f4me &#8211; Parc Mont-Tremblant &#8211; Haute-Matawinie &#8211; Qu\u00e9bec &#8211; Qc<\/h3>\n<p>[\/et_pb_text][\/et_pb_column][\/et_pb_row][\/et_pb_section]<\/p>\n<span class=\"et_bloom_bottom_trigger\"><\/span>","protected":false},"excerpt":{"rendered":"<p>Terms and Conditions Reservation policy: \u00b7 For a reservation, an amount of 30% of the invoice is required as a deposit;\u00b7 For a family package reservation 5 or 7 days, a deposit of 200$ per family is required. Cancellation Policy: \u00b7 Refundable deposit if canceled more than one month in advance;\u00b7 16 days or more\u2026 <a href=\"https:\/\/coinlavigne.com\/en\/terms-and-conditions\/\">Read More &raquo;<\/a><\/p>\n","protected":false},"author":2,"featured_media":0,"parent":0,"menu_order":0,"comment_status":"closed","ping_status":"closed","template":"","meta":{"_et_pb_use_builder":"on","_et_pb_old_content":"","_et_gb_content_width":"","footnotes":""},"class_list":["post-12629","page","type-page","status-publish","hentry"],"yoast_head":"<!-- This site is optimized with the Yoast SEO Premium plugin v19.1 (Yoast SEO v27.2) - https:\/\/yoast.com\/product\/yoast-seo-premium-wordpress\/ -->\n<title>Terms and Conditions - Coin Lavigne - Outfitter - St-C\u00f4me - Lanaudi\u00e8re<\/title>\n<meta name=\"description\" content=\"Terms and Conditions. Coin Lavigne. Outfitter. Reservation policy. Cancellation. Home. Services. Pricing. Our facilities. Contact. St-C\u00f4me.\" \/>\n<meta name=\"robots\" content=\"index, follow, max-snippet:-1, max-image-preview:large, max-video-preview:-1\" \/>\n<link rel=\"canonical\" href=\"https:\/\/coinlavigne.com\/en\/terms-and-conditions\/\" \/>\n<meta property=\"og:locale\" content=\"en_US\" \/>\n<meta property=\"og:type\" content=\"article\" \/>\n<meta property=\"og:title\" content=\"Terms and Conditions\" \/>\n<meta property=\"og:description\" content=\"Terms and Conditions. Coin Lavigne. Outfitter. Reservation policy. Cancellation. Home. Services. Pricing. Our facilities. Contact. St-C\u00f4me.\" \/>\n<meta property=\"og:url\" content=\"https:\/\/coinlavigne.com\/en\/terms-and-conditions\/\" \/>\n<meta property=\"og:site_name\" content=\"Pourvoirie Coin Lavigne\" \/>\n<meta property=\"article:modified_time\" content=\"2024-01-19T20:03:59+00:00\" \/>\n<meta name=\"twitter:card\" content=\"summary_large_image\" \/>\n<meta name=\"twitter:label1\" content=\"Est. reading time\" \/>\n\t<meta name=\"twitter:data1\" content=\"3 minutes\" \/>\n<script type=\"application\/ld+json\" class=\"yoast-schema-graph\">{\"@context\":\"https:\/\/schema.org\",\"@graph\":[{\"@type\":\"WebPage\",\"@id\":\"https:\/\/coinlavigne.com\/en\/terms-and-conditions\/\",\"url\":\"https:\/\/coinlavigne.com\/en\/terms-and-conditions\/\",\"name\":\"Terms and Conditions - Coin Lavigne - Outfitter - St-C\u00f4me - Lanaudi\u00e8re\",\"isPartOf\":{\"@id\":\"https:\/\/coinlavigne.com\/#website\"},\"datePublished\":\"2018-10-22T06:17:48+00:00\",\"dateModified\":\"2024-01-19T20:03:59+00:00\",\"description\":\"Terms and Conditions. Coin Lavigne. Outfitter. Reservation policy. Cancellation. Home. Services. Pricing. Our facilities. Contact. St-C\u00f4me.\",\"breadcrumb\":{\"@id\":\"https:\/\/coinlavigne.com\/en\/terms-and-conditions\/#breadcrumb\"},\"inLanguage\":\"en-US\",\"potentialAction\":[{\"@type\":\"ReadAction\",\"target\":[\"https:\/\/coinlavigne.com\/en\/terms-and-conditions\/\"]}]},{\"@type\":\"BreadcrumbList\",\"@id\":\"https:\/\/coinlavigne.com\/en\/terms-and-conditions\/#breadcrumb\",\"itemListElement\":[{\"@type\":\"ListItem\",\"position\":1,\"name\":\"Home\",\"item\":\"https:\/\/coinlavigne.com\/en\/\"},{\"@type\":\"ListItem\",\"position\":2,\"name\":\"Terms and Conditions\"}]},{\"@type\":\"WebSite\",\"@id\":\"https:\/\/coinlavigne.com\/#website\",\"url\":\"https:\/\/coinlavigne.com\/\",\"name\":\"Pourvoirie Coin Lavigne\",\"description\":\"Votre destination P\u00caCHE !\",\"potentialAction\":[{\"@type\":\"SearchAction\",\"target\":{\"@type\":\"EntryPoint\",\"urlTemplate\":\"https:\/\/coinlavigne.com\/?s={search_term_string}\"},\"query-input\":{\"@type\":\"PropertyValueSpecification\",\"valueRequired\":true,\"valueName\":\"search_term_string\"}}],\"inLanguage\":\"en-US\"}]}<\/script>\n<!-- \/ Yoast SEO Premium plugin. -->","yoast_head_json":{"title":"Terms and Conditions - Coin Lavigne - Outfitter - St-C\u00f4me - Lanaudi\u00e8re","description":"Terms and Conditions. Coin Lavigne. Outfitter. Reservation policy. Cancellation. Home. Services. Pricing. Our facilities. Contact. St-C\u00f4me.","robots":{"index":"index","follow":"follow","max-snippet":"max-snippet:-1","max-image-preview":"max-image-preview:large","max-video-preview":"max-video-preview:-1"},"canonical":"https:\/\/coinlavigne.com\/en\/terms-and-conditions\/","og_locale":"en_US","og_type":"article","og_title":"Terms and Conditions","og_description":"Terms and Conditions. Coin Lavigne. Outfitter. Reservation policy. Cancellation. Home. Services. Pricing. Our facilities. Contact. St-C\u00f4me.","og_url":"https:\/\/coinlavigne.com\/en\/terms-and-conditions\/","og_site_name":"Pourvoirie Coin Lavigne","article_modified_time":"2024-01-19T20:03:59+00:00","twitter_card":"summary_large_image","twitter_misc":{"Est. reading time":"3 minutes"},"schema":{"@context":"https:\/\/schema.org","@graph":[{"@type":"WebPage","@id":"https:\/\/coinlavigne.com\/en\/terms-and-conditions\/","url":"https:\/\/coinlavigne.com\/en\/terms-and-conditions\/","name":"Terms and Conditions - Coin Lavigne - Outfitter - St-C\u00f4me - Lanaudi\u00e8re","isPartOf":{"@id":"https:\/\/coinlavigne.com\/#website"},"datePublished":"2018-10-22T06:17:48+00:00","dateModified":"2024-01-19T20:03:59+00:00","description":"Terms and Conditions. Coin Lavigne. Outfitter. Reservation policy. Cancellation. Home. Services. Pricing. Our facilities. Contact. St-C\u00f4me.","breadcrumb":{"@id":"https:\/\/coinlavigne.com\/en\/terms-and-conditions\/#breadcrumb"},"inLanguage":"en-US","potentialAction":[{"@type":"ReadAction","target":["https:\/\/coinlavigne.com\/en\/terms-and-conditions\/"]}]},{"@type":"BreadcrumbList","@id":"https:\/\/coinlavigne.com\/en\/terms-and-conditions\/#breadcrumb","itemListElement":[{"@type":"ListItem","position":1,"name":"Home","item":"https:\/\/coinlavigne.com\/en\/"},{"@type":"ListItem","position":2,"name":"Terms and Conditions"}]},{"@type":"WebSite","@id":"https:\/\/coinlavigne.com\/#website","url":"https:\/\/coinlavigne.com\/","name":"Pourvoirie Coin Lavigne","description":"Votre destination P\u00caCHE !","potentialAction":[{"@type":"SearchAction","target":{"@type":"EntryPoint","urlTemplate":"https:\/\/coinlavigne.com\/?s={search_term_string}"},"query-input":{"@type":"PropertyValueSpecification","valueRequired":true,"valueName":"search_term_string"}}],"inLanguage":"en-US"}]}},"_links":{"self":[{"href":"https:\/\/coinlavigne.com\/en\/wp-json\/wp\/v2\/pages\/12629","targetHints":{"allow":["GET"]}}],"collection":[{"href":"https:\/\/coinlavigne.com\/en\/wp-json\/wp\/v2\/pages"}],"about":[{"href":"https:\/\/coinlavigne.com\/en\/wp-json\/wp\/v2\/types\/page"}],"author":[{"embeddable":true,"href":"https:\/\/coinlavigne.com\/en\/wp-json\/wp\/v2\/users\/2"}],"replies":[{"embeddable":true,"href":"https:\/\/coinlavigne.com\/en\/wp-json\/wp\/v2\/comments?post=12629"}],"version-history":[{"count":3,"href":"https:\/\/coinlavigne.com\/en\/wp-json\/wp\/v2\/pages\/12629\/revisions"}],"predecessor-version":[{"id":16554,"href":"https:\/\/coinlavigne.com\/en\/wp-json\/wp\/v2\/pages\/12629\/revisions\/16554"}],"wp:attachment":[{"href":"https:\/\/coinlavigne.com\/en\/wp-json\/wp\/v2\/media?parent=12629"}],"curies":[{"name":"wp","href":"https:\/\/api.w.org\/{rel}","templated":true}]}}