{"id":12606,"date":"2018-10-21T23:09:39","date_gmt":"2018-10-22T03:09:39","guid":{"rendered":"https:\/\/coinlavigne.com\/pricing\/cottage-without-fishing\/"},"modified":"2024-12-19T19:51:29","modified_gmt":"2024-12-20T00:51:29","slug":"cottage-without-fishing","status":"publish","type":"page","link":"https:\/\/coinlavigne.com\/en\/pricing\/cottage-without-fishing\/","title":{"rendered":"Cottage rental Without Fishing"},"content":{"rendered":"<p>[et_pb_section fb_built=&#8221;1&#8243; fullwidth=&#8221;on&#8221; _builder_version=&#8221;4.16&#8243; global_colors_info=&#8221;{}&#8221;][et_pb_fullwidth_menu menu_id=&#8221;21&#8243; submenu_direction=&#8221;downwards&#8221; fullwidth_menu=&#8221;off&#8221; active_link_color=&#8221;#ff6600&#8243; _builder_version=&#8221;4.16&#8243; background_color=&#8221;rgba(0,0,0,0.9)&#8221; text_orientation=&#8221;center&#8221; background_layout=&#8221;dark&#8221; global_colors_info=&#8221;{}&#8221;][\/et_pb_fullwidth_menu][\/et_pb_section][et_pb_section fb_built=&#8221;1&#8243; fullwidth=&#8221;on&#8221; _builder_version=&#8221;4.16&#8243; global_colors_info=&#8221;{}&#8221;][et_pb_fullwidth_slider show_arrows=&#8221;off&#8221; show_pagination=&#8221;off&#8221; admin_label=&#8221;Fullwidth Slider &#8211; Chalet Sans P\u00eache &#8211; Saison 2025&#8243; _builder_version=&#8221;4.27.4&#8243; hover_enabled=&#8221;0&#8243; z_index_tablet=&#8221;500&#8243; global_colors_info=&#8221;{}&#8221; button_text_size__hover_enabled=&#8221;off&#8221; button_text_size__hover=&#8221;null&#8221; button_one_text_size__hover_enabled=&#8221;off&#8221; button_one_text_size__hover=&#8221;null&#8221; button_two_text_size__hover_enabled=&#8221;off&#8221; button_two_text_size__hover=&#8221;null&#8221; button_text_color__hover_enabled=&#8221;off&#8221; button_text_color__hover=&#8221;null&#8221; button_one_text_color__hover_enabled=&#8221;off&#8221; button_one_text_color__hover=&#8221;null&#8221; button_two_text_color__hover_enabled=&#8221;off&#8221; button_two_text_color__hover=&#8221;null&#8221; button_border_width__hover_enabled=&#8221;off&#8221; button_border_width__hover=&#8221;null&#8221; button_one_border_width__hover_enabled=&#8221;off&#8221; button_one_border_width__hover=&#8221;null&#8221; button_two_border_width__hover_enabled=&#8221;off&#8221; button_two_border_width__hover=&#8221;null&#8221; button_border_color__hover_enabled=&#8221;off&#8221; button_border_color__hover=&#8221;null&#8221; button_one_border_color__hover_enabled=&#8221;off&#8221; button_one_border_color__hover=&#8221;null&#8221; button_two_border_color__hover_enabled=&#8221;off&#8221; button_two_border_color__hover=&#8221;null&#8221; button_border_radius__hover_enabled=&#8221;off&#8221; button_border_radius__hover=&#8221;null&#8221; button_one_border_radius__hover_enabled=&#8221;off&#8221; button_one_border_radius__hover=&#8221;null&#8221; button_two_border_radius__hover_enabled=&#8221;off&#8221; button_two_border_radius__hover=&#8221;null&#8221; button_letter_spacing__hover_enabled=&#8221;off&#8221; button_letter_spacing__hover=&#8221;null&#8221; button_one_letter_spacing__hover_enabled=&#8221;off&#8221; button_one_letter_spacing__hover=&#8221;null&#8221; button_two_letter_spacing__hover_enabled=&#8221;off&#8221; button_two_letter_spacing__hover=&#8221;null&#8221; button_bg_color__hover_enabled=&#8221;off&#8221; button_bg_color__hover=&#8221;null&#8221; button_one_bg_color__hover_enabled=&#8221;off&#8221; button_one_bg_color__hover=&#8221;null&#8221; button_two_bg_color__hover_enabled=&#8221;off&#8221; button_two_bg_color__hover=&#8221;null&#8221; sticky_enabled=&#8221;0&#8243;][et_pb_slide heading=&#8221;COTTAGE RENTAL AT THE MAIN DESK WITHOUT FISHING&#8221; use_bg_overlay=&#8221;off&#8221; use_text_overlay=&#8221;on&#8221; text_overlay_color=&#8221;rgba(0,0,0,0.8)&#8221; admin_title=&#8221;COTTAGE RENTAL AT THE MAIN DESK WITHOUT FISHING &#8211; Saison 2025&#8243; _builder_version=&#8221;4.27.4&#8243; header_text_align=&#8221;center&#8221; header_text_color=&#8221;#ff6600&#8243; header_font_size=&#8221;32&#8243; background_color=&#8221;rgba(255,255,255,0)&#8221; background_image=&#8221;https:\/\/coinlavigne.com\/wp-content\/uploads\/2017\/05\/Coin-Lavigne-Tarificatrion-chalet-sans-peche.jpg&#8221; button_on_hover=&#8221;on&#8221; hover_enabled=&#8221;0&#8243; header_font_size_tablet=&#8221;30&#8243; header_font_size_phone=&#8221;28&#8243; header_font_size_last_edited=&#8221;on|desktop&#8221; global_colors_info=&#8221;{}&#8221; sticky_transition=&#8221;on&#8221; sticky_enabled=&#8221;0&#8243;]<\/p>\n<p>Season 2025<\/p>\n<p>[\/et_pb_slide][\/et_pb_fullwidth_slider][\/et_pb_section][et_pb_section fb_built=&#8221;1&#8243; _builder_version=&#8221;4.16&#8243; background_color=&#8221;#333333&#8243; custom_padding=&#8221;30px||30px|&#8221; global_colors_info=&#8221;{}&#8221;][et_pb_row _builder_version=&#8221;4.16&#8243; max_width=&#8221;1080px&#8221; custom_padding=&#8221;0px||0px|&#8221; global_colors_info=&#8221;{}&#8221;][et_pb_column type=&#8221;4_4&#8243; _builder_version=&#8221;4.16&#8243; custom_padding=&#8221;|||&#8221; global_colors_info=&#8221;{}&#8221; custom_padding__hover=&#8221;|||&#8221;][et_pb_text admin_label=&#8221;Valide \u00e0 l\u2019ann\u00e9e.&#8221; _builder_version=&#8221;4.17.6&#8243; header_text_align=&#8221;center&#8221; header_text_color=&#8221;#ff6600&#8243; header_2_text_align=&#8221;center&#8221; header_2_text_color=&#8221;#ffffff&#8221; text_orientation=&#8221;center&#8221; background_layout=&#8221;dark&#8221; global_colors_info=&#8221;{}&#8221;]<\/p>\n<h1>L\u2019Assomption &amp; Lavigne River Cottages.<\/h1>\n<p>(certain conditions may apply)<\/p>\n<p>[\/et_pb_text][\/et_pb_column][\/et_pb_row][\/et_pb_section][et_pb_section fb_built=&#8221;1&#8243; _builder_version=&#8221;4.16&#8243; border_radii=&#8221;on|0px|0px|0px|0px&#8221; global_colors_info=&#8221;{}&#8221;][et_pb_row _builder_version=&#8221;4.16&#8243; max_width=&#8221;1080px&#8221; custom_margin=&#8221;0px||0px|&#8221; custom_padding=&#8221;0px||0px|&#8221; global_colors_info=&#8221;{}&#8221;][et_pb_column type=&#8221;4_4&#8243; _builder_version=&#8221;4.16&#8243; custom_padding=&#8221;|||&#8221; global_colors_info=&#8221;{}&#8221; custom_padding__hover=&#8221;|||&#8221;][et_pb_text admin_label=&#8221;In room without fishing&#8221; _builder_version=&#8221;4.16&#8243; header_2_text_align=&#8221;center&#8221; header_2_text_color=&#8221;#000000&#8243; custom_padding=&#8221;0px|20px|0px|20px|false|false&#8221; global_colors_info=&#8221;{}&#8221;]<\/p>\n<h2>Cottages at the Main Desk &#8211; Without fishing<\/h2>\n<p>[\/et_pb_text][et_pb_text admin_label=&#8221;Room \/ night\/adult&#8221; _builder_version=&#8221;4.27.4&#8243; header_2_text_color=&#8221;#000000&#8243; header_4_text_align=&#8221;center&#8221; header_4_text_color=&#8221;#000000&#8243; header_6_text_align=&#8221;center&#8221; header_6_text_color=&#8221;#000000&#8243; text_orientation=&#8221;center&#8221; custom_padding=&#8221;20px|20px|20px|20px&#8221; border_radii=&#8221;on|5px|5px|5px|5px&#8221; border_width_all=&#8221;1px&#8221; border_color_all=&#8221;#ff6600&#8243; box_shadow_style=&#8221;preset2&#8243; global_colors_info=&#8221;{}&#8221;]<\/p>\n<h2>On weekdays :<\/h2>\n<p>1 adult : <span style=\"color: #ff6600; font-size: 22px;\">80$<\/span> \/night<br \/>2 adults : <span style=\"color: #ff6600; font-size: 22px;\">120$<\/span> \/night<\/p>\n<h6><span style=\"color: #ff6600; font-size: 22px;\">60$<\/span> \/night\/additional adult<\/h6>\n<h4><\/h4>\n<h2>On Weekend :<\/h2>\n<p>2 adultes :\u00a0<span style=\"color: #ff6600; font-size: 22px;\">175$<\/span> \/night<\/p>\n<h6><span style=\"color: #ff6600; font-size: 22px;\">75$<\/span> \/night\/additional adult<\/h6>\n<h4><\/h4>\n<h4>(Price for groups of over 6 adults available)<\/h4>\n<p>[\/et_pb_text][\/et_pb_column][\/et_pb_row][\/et_pb_section][et_pb_section fb_built=&#8221;1&#8243; _builder_version=&#8221;4.27.3&#8243; _module_preset=&#8221;default&#8221; background_color=&#8221;#333333&#8243; locked=&#8221;off&#8221; global_colors_info=&#8221;{}&#8221;][et_pb_row _builder_version=&#8221;4.27.3&#8243; _module_preset=&#8221;default&#8221; background_color=&#8221;#000000&#8243; global_colors_info=&#8221;{}&#8221;][et_pb_column type=&#8221;4_4&#8243; _builder_version=&#8221;4.27.3&#8243; _module_preset=&#8221;default&#8221; global_colors_info=&#8221;{}&#8221;][et_pb_text _builder_version=&#8221;4.27.3&#8243; _module_preset=&#8221;default&#8221; header_2_text_align=&#8221;center&#8221; header_2_text_color=&#8221;#ff6600&#8243; global_colors_info=&#8221;{}&#8221;]<\/p>\n<h2>For more details or to book your place<\/h2>\n<p>[\/et_pb_text][et_pb_text _builder_version=&#8221;4.27.3&#8243; _module_preset=&#8221;default&#8221; header_2_text_align=&#8221;center&#8221; header_2_text_color=&#8221;#ff6600&#8243; global_colors_info=&#8221;{}&#8221;]<\/p>\n<h2>For more details or to book your place<\/h2>\n<p>[\/et_pb_text][et_pb_button button_url=&#8221;https:\/\/coinlavigne.com\/en\/contact\/&#8221; button_text=&#8221;Contact us&#8221; button_alignment=&#8221;center&#8221; admin_label=&#8221;Button &#8211; Contactez-nous&#8221; _builder_version=&#8221;4.16&#8243; custom_button=&#8221;on&#8221; button_text_color=&#8221;#ffffff&#8221; button_bg_color=&#8221;#238a23&#8243; background_layout=&#8221;dark&#8221; global_colors_info=&#8221;{}&#8221; button_text_size__hover_enabled=&#8221;off&#8221; button_text_size__hover=&#8221;null&#8221; button_one_text_size__hover_enabled=&#8221;off&#8221; button_one_text_size__hover=&#8221;null&#8221; button_two_text_size__hover_enabled=&#8221;off&#8221; button_two_text_size__hover=&#8221;null&#8221; button_text_color__hover_enabled=&#8221;off&#8221; button_text_color__hover=&#8221;null&#8221; button_one_text_color__hover_enabled=&#8221;off&#8221; button_one_text_color__hover=&#8221;null&#8221; button_two_text_color__hover_enabled=&#8221;off&#8221; button_two_text_color__hover=&#8221;null&#8221; button_border_width__hover_enabled=&#8221;off&#8221; button_border_width__hover=&#8221;null&#8221; button_one_border_width__hover_enabled=&#8221;off&#8221; button_one_border_width__hover=&#8221;null&#8221; button_two_border_width__hover_enabled=&#8221;off&#8221; button_two_border_width__hover=&#8221;null&#8221; button_border_color__hover_enabled=&#8221;off&#8221; button_border_color__hover=&#8221;null&#8221; button_one_border_color__hover_enabled=&#8221;off&#8221; button_one_border_color__hover=&#8221;null&#8221; button_two_border_color__hover_enabled=&#8221;off&#8221; button_two_border_color__hover=&#8221;null&#8221; button_border_radius__hover_enabled=&#8221;off&#8221; button_border_radius__hover=&#8221;null&#8221; button_one_border_radius__hover_enabled=&#8221;off&#8221; button_one_border_radius__hover=&#8221;null&#8221; button_two_border_radius__hover_enabled=&#8221;off&#8221; button_two_border_radius__hover=&#8221;null&#8221; button_letter_spacing__hover_enabled=&#8221;off&#8221; button_letter_spacing__hover=&#8221;null&#8221; button_one_letter_spacing__hover_enabled=&#8221;off&#8221; button_one_letter_spacing__hover=&#8221;null&#8221; button_two_letter_spacing__hover_enabled=&#8221;off&#8221; button_two_letter_spacing__hover=&#8221;null&#8221; button_bg_color__hover_enabled=&#8221;off&#8221; button_bg_color__hover=&#8221;null&#8221; button_one_bg_color__hover_enabled=&#8221;off&#8221; button_one_bg_color__hover=&#8221;null&#8221; button_two_bg_color__hover_enabled=&#8221;off&#8221; button_two_bg_color__hover=&#8221;null&#8221;]<\/p>\n<p>\u00a0<\/p>\n<p>[\/et_pb_button][\/et_pb_column][\/et_pb_row][et_pb_row _builder_version=&#8221;4.27.3&#8243; _module_preset=&#8221;default&#8221; global_colors_info=&#8221;{}&#8221;][et_pb_column type=&#8221;4_4&#8243; _builder_version=&#8221;4.27.3&#8243; _module_preset=&#8221;default&#8221; global_colors_info=&#8221;{}&#8221;][et_pb_text _builder_version=&#8221;4.27.3&#8243; _module_preset=&#8221;default&#8221; text_text_color=&#8221;#FFFFFF&#8221; text_orientation=&#8221;center&#8221; global_colors_info=&#8221;{}&#8221;]<\/p>\n<p>Prices are subject to change without notice.<br \/>(Prices do not include taxes)<br \/>(Certain conditions may apply)<\/p>\n<p>[\/et_pb_text][\/et_pb_column][\/et_pb_row][\/et_pb_section][et_pb_section fb_built=&#8221;1&#8243; _builder_version=&#8221;4.0.11&#8243; background_color=&#8221;#000000&#8243; global_module=&#8221;14640&#8243; global_colors_info=&#8221;{}&#8221;][et_pb_row column_structure=&#8221;1_4,1_4,1_4,1_4&#8243; _builder_version=&#8221;4.16&#8243; global_colors_info=&#8221;{}&#8221;][et_pb_column type=&#8221;1_4&#8243; _builder_version=&#8221;4.16&#8243; global_colors_info=&#8221;{}&#8221;][et_pb_text admin_label=&#8221;Our address&#8221; _builder_version=&#8221;4.16&#8243; text_text_color=&#8221;#ffffff&#8221; header_4_text_color=&#8221;#ff6600&#8243; custom_padding=&#8221;|||10px|false|false&#8221; border_width_left=&#8221;2px&#8221; border_color_left=&#8221;#ff6600&#8243; global_colors_info=&#8221;{}&#8221;]<\/p>\n<h4>Our address<\/h4>\n<p>5045 Chemin du Parc-du-Mont-Tremblant<br \/>\nSaint-C\u00f4me, Qc<\/p>\n<h4><\/h4>\n<h5>Do not use this address for the GPS<\/h5>\n<p>[\/et_pb_text][\/et_pb_column][et_pb_column type=&#8221;1_4&#8243; _builder_version=&#8221;4.16&#8243; global_colors_info=&#8221;{}&#8221;][et_pb_text admin_label=&#8221;GPS Coordinates&#8221; _builder_version=&#8221;4.16&#8243; text_text_color=&#8221;#ffffff&#8221; header_4_text_color=&#8221;#ff6600&#8243; custom_padding=&#8221;|||10px|false|false&#8221; border_width_left=&#8221;2px&#8221; border_color_left=&#8221;#ff6600&#8243; global_colors_info=&#8221;{}&#8221;]<\/p>\n<h4>GPS Coordinates<\/h4>\n<p><a style=\"color: #ffffff;\" href=\"https:\/\/www.google.ca\/maps\/place\/46%C2%B023'00.2%22N+73%C2%B053'48.3%22W\/@46.3833889,-73.8989387,17z\/data=!3m1!4b1!4m5!3m4!1s0x0:0x0!8m2!3d46.38338!4d-73.89675\" target=\"_blank\" rel=\"noopener noreferrer\">46.38338N,73.89675W<\/a><\/p>\n<p>[\/et_pb_text][et_pb_text admin_label=&#8221;Establishment number:&#8221; _builder_version=&#8221;4.16&#8243; text_text_color=&#8221;#ffffff&#8221; header_4_text_color=&#8221;#ff6600&#8243; custom_padding=&#8221;|||10px|false|false&#8221; border_width_left=&#8221;2px&#8221; border_color_left=&#8221;#ff6600&#8243; global_colors_info=&#8221;{}&#8221;]<\/p>\n<div><span style=\"color: #ff6600;\">Establishment number:<\/div>\n<p>850259<\/p>\n<p>[\/et_pb_text][\/et_pb_column][et_pb_column type=&#8221;1_4&#8243; _builder_version=&#8221;4.16&#8243; global_colors_info=&#8221;{}&#8221;][et_pb_text admin_label=&#8221;Informations&#8221; _builder_version=&#8221;4.16&#8243; text_text_color=&#8221;#ffffff&#8221; header_4_text_color=&#8221;#ff6600&#8243; custom_padding=&#8221;|||10px|false|false&#8221; border_width_left=&#8221;2px&#8221; border_color_left=&#8221;#ff6600&#8243; global_colors_info=&#8221;{}&#8221;]<\/p>\n<h4>Informations<\/h4>\n<div><span style=\"color: #ff6600;\">Phone <\/span>(450) 883-1072<\/div>\n<div><span style=\"color: #ff6600;\">Toll Free <\/span>1-800-872-1072<\/div>\n<div><span style=\"color: #ff6600;\">Fax <\/span>(450) 883-8921<\/div>\n<div><span style=\"color: #ff6600;\">Email <\/span><a style=\"color: #ffffff;\" title=\"info@coinlavigne.com\" href=\"mailto:info@coinlavigne.com\">info@coinlavigne.com<\/a><\/div>\n<p>[\/et_pb_text][\/et_pb_column][et_pb_column type=&#8221;1_4&#8243; _builder_version=&#8221;4.16&#8243; global_colors_info=&#8221;{}&#8221;][et_pb_text admin_label=&#8221;En MailChimp Footer&#8221; _builder_version=&#8221;4.16&#8243; text_text_color=&#8221;#ffffff&#8221; header_4_text_color=&#8221;#ff6600&#8243; custom_padding=&#8221;|||10px|false|false&#8221; border_width_left=&#8221;2px&#8221; border_color_left=&#8221;#ff6600&#8243; global_colors_info=&#8221;{}&#8221;]<\/p>\n<h4>Newsletter<\/h4>\n<div> \t<link href=\"\/\/cdn-images.mailchimp.com\/embedcode\/slim-10_7.css\" rel=\"stylesheet\" type=\"text\/css\">\n<style type=\"text\/css\">\n\t#mc_embed_signup{background:#000; clear:left; width:350px;}\n<\/style>\n<div id=\"mc_embed_signup\">\n<form action=\"https:\/\/coinlavigne.us14.list-manage.com\/subscribe\/post?u=af32baae55e27f021e06d5036&amp;id=12161bf4c3\" method=\"post\" id=\"mc-embedded-subscribe-form\" name=\"mc-embedded-subscribe-form\" class=\"validate\" target=\"_blank\" novalidate=\"novalidate\">\n<div id=\"mc_embed_signup_scroll\">\n\t<input type=\"email\" value=\"\" name=\"EMAIL\" class=\"email\" id=\"mce-EMAIL\" placeholder=\"email address\" required=\"\" aria-required=\"true\"><\/p>\n<div style=\"position: absolute; left: -5000px;\" aria-hidden=\"true\"><input type=\"text\" name=\"b_af32baae55e27f021e06d5036_12161bf4c3\" tabindex=\"-1\" value=\"\"><\/div>\n<div class=\"clear\"><input type=\"submit\" value=\"Subscribe\" name=\"subscribe\" id=\"mc-embedded-subscribe\" class=\"button\"><\/div>\n<\/div>\n<\/form>\n<\/div>\n<\/div>\n<p>[\/et_pb_text][\/et_pb_column][\/et_pb_row][\/et_pb_section][et_pb_section fb_built=&#8221;1&#8243; _builder_version=&#8221;4.16&#8243; background_color=&#8221;#000000&#8243; custom_margin=&#8221;0px||0px|&#8221; custom_padding=&#8221;10px||0px|&#8221; global_colors_info=&#8221;{}&#8221;][et_pb_row _builder_version=&#8221;4.16&#8243; max_width=&#8221;1080px&#8221; custom_margin=&#8221;0px||0px|&#8221; global_colors_info=&#8221;{}&#8221;][et_pb_column type=&#8221;4_4&#8243; _builder_version=&#8221;4.16&#8243; custom_padding=&#8221;|||&#8221; global_colors_info=&#8221;{}&#8221; custom_padding__hover=&#8221;|||&#8221;][et_pb_text admin_label=&#8221;SEO Footer &#8211; Tarification&#8221; _builder_version=&#8221;3.17.2&#8243; header_3_text_align=&#8221;center&#8221; global_module=&#8221;11308&#8243; saved_tabs=&#8221;all&#8221; global_colors_info=&#8221;{}&#8221;]<\/p>\n<h3><a href=\"\/wpml?page_id=12546\">Pricing<\/a> &#8211; Pourvoirie &#8211; Coin Lavigne &#8211; Outfitter &#8211; <a href=\"\/wpml?page_id=12287\">Room rental Lanaudi\u00e8re<\/a> &#8211; <a href=\"\/wpml?page_id=12287\">Cottage rental<\/a> &#8211; Cottage rental Lanaudi\u00e8re &#8211; Cottage rental fishing &#8211; Cottage rental fishing &#8211; <a href=\"\/wpml?page_id=12548\">Cottage with fishing during Summer<\/a> &#8211; <a href=\"\/wpml?page_id=12602\">Cottage with fishing during Winter<\/a> &#8211; <a href=\"\/wpml?page_id=12606\">Cottage without fishing<\/a> &#8211; Daily fishing &#8211; <a href=\"\/wpml?page_id=12623\">Daily fishing during Summer<\/a> &#8211; <a href=\"\/wpml?page_id=12625\">Daily fishing during Winter<\/a> &#8211; Summer day fishing &#8211; Winter day fishing &#8211; Summer period &#8211; Winter period &#8211; <a href=\"\/wpml?page_id=12627\">Fishing Packages<\/a> &#8211; Summer Packages &#8211; Family Packages &#8211; <a href=\"\/wpml?page_id=12627\">Ice Fishing Packages<\/a> &#8211; <a href=\"\/wpml?page_id=12627\">Package ice fishing and snowmobile<\/a> &#8211; <a href=\"\/wpml?page_id=12627\">5 Days Package<\/a> &#8211; <a href=\"\/wpml?page_id=12627\">7 Days Package<\/a> &#8211; St-C\u00f4me Outfitter &#8211; Lanaudi\u00e8re Outfitter &#8211; St-C\u00f4me &#8211; Mont-Tremblant Park &#8211; Upper Matawinie &#8211; Lanaudi\u00e8re &#8211; Quebec &#8211; Qc<\/h3>\n<p>[\/et_pb_text][\/et_pb_column][\/et_pb_row][\/et_pb_section]<\/p>\n<span class=\"et_bloom_bottom_trigger\"><\/span>","protected":false},"excerpt":{"rendered":"<p>Season 2025L\u2019Assomption &amp; Lavigne River Cottages. (certain conditions may apply)Cottages at the Main Desk &#8211; Without fishingOn weekdays : 1 adult : 80$ \/night2 adults : 120$ \/night 60$ \/night\/additional adult On Weekend : 2 adultes :\u00a0175$ \/night 75$ \/night\/additional adult (Price for groups of over 6 adults available)For more details or to book your\u2026 <a href=\"https:\/\/coinlavigne.com\/en\/pricing\/cottage-without-fishing\/\">Read More &raquo;<\/a><\/p>\n","protected":false},"author":1,"featured_media":0,"parent":12546,"menu_order":0,"comment_status":"closed","ping_status":"closed","template":"","meta":{"_et_pb_use_builder":"on","_et_pb_old_content":"","_et_gb_content_width":"","footnotes":""},"class_list":["post-12606","page","type-page","status-publish","hentry"],"yoast_head":"<!-- This site is optimized with the Yoast SEO Premium plugin v19.1 (Yoast SEO v27.2) - https:\/\/yoast.com\/product\/yoast-seo-premium-wordpress\/ -->\n<title>Cottage Without Fishing - Pricing - Cottage rental - Without Fishing<\/title>\n<meta name=\"description\" content=\"Cottage Without Fishing. Pricing. Outfitter. Rental. du Trou. Auger. Paul. Blanc. de la Pointe. Bor\u00e9al. Castor. Drapeau. Lavigne. L&#039;Assomption. River.\" \/>\n<meta name=\"robots\" content=\"index, follow, max-snippet:-1, max-image-preview:large, max-video-preview:-1\" \/>\n<link rel=\"canonical\" href=\"https:\/\/coinlavigne.com\/en\/pricing\/cottage-without-fishing\/\" \/>\n<meta property=\"og:locale\" content=\"en_US\" \/>\n<meta property=\"og:type\" content=\"article\" \/>\n<meta property=\"og:title\" content=\"Cottage rental Without Fishing\" \/>\n<meta property=\"og:description\" content=\"Cottage Without Fishing. Pricing. Outfitter. Rental. du Trou. Auger. Paul. Blanc. de la Pointe. Bor\u00e9al. Castor. Drapeau. Lavigne. L&#039;Assomption. River.\" \/>\n<meta property=\"og:url\" content=\"https:\/\/coinlavigne.com\/en\/pricing\/cottage-without-fishing\/\" \/>\n<meta property=\"og:site_name\" content=\"Pourvoirie Coin Lavigne\" \/>\n<meta property=\"article:modified_time\" content=\"2024-12-20T00:51:29+00:00\" \/>\n<meta name=\"twitter:card\" content=\"summary_large_image\" \/>\n<meta name=\"twitter:label1\" content=\"Est. reading time\" \/>\n\t<meta name=\"twitter:data1\" content=\"9 minutes\" \/>\n<script type=\"application\/ld+json\" class=\"yoast-schema-graph\">{\"@context\":\"https:\/\/schema.org\",\"@graph\":[{\"@type\":\"WebPage\",\"@id\":\"https:\/\/coinlavigne.com\/en\/pricing\/cottage-without-fishing\/\",\"url\":\"https:\/\/coinlavigne.com\/en\/pricing\/cottage-without-fishing\/\",\"name\":\"Cottage Without Fishing - Pricing - Cottage rental - Without Fishing\",\"isPartOf\":{\"@id\":\"https:\/\/coinlavigne.com\/#website\"},\"datePublished\":\"2018-10-22T03:09:39+00:00\",\"dateModified\":\"2024-12-20T00:51:29+00:00\",\"description\":\"Cottage Without Fishing. Pricing. Outfitter. Rental. du Trou. Auger. Paul. Blanc. de la Pointe. Bor\u00e9al. Castor. Drapeau. Lavigne. L'Assomption. River.\",\"breadcrumb\":{\"@id\":\"https:\/\/coinlavigne.com\/en\/pricing\/cottage-without-fishing\/#breadcrumb\"},\"inLanguage\":\"en-US\",\"potentialAction\":[{\"@type\":\"ReadAction\",\"target\":[\"https:\/\/coinlavigne.com\/en\/pricing\/cottage-without-fishing\/\"]}]},{\"@type\":\"BreadcrumbList\",\"@id\":\"https:\/\/coinlavigne.com\/en\/pricing\/cottage-without-fishing\/#breadcrumb\",\"itemListElement\":[{\"@type\":\"ListItem\",\"position\":1,\"name\":\"Home\",\"item\":\"https:\/\/coinlavigne.com\/en\/\"},{\"@type\":\"ListItem\",\"position\":2,\"name\":\"Pricing\",\"item\":\"https:\/\/coinlavigne.com\/en\/pricing\/\"},{\"@type\":\"ListItem\",\"position\":3,\"name\":\"Cottage rental Without Fishing\"}]},{\"@type\":\"WebSite\",\"@id\":\"https:\/\/coinlavigne.com\/#website\",\"url\":\"https:\/\/coinlavigne.com\/\",\"name\":\"Pourvoirie Coin Lavigne\",\"description\":\"Votre destination P\u00caCHE !\",\"potentialAction\":[{\"@type\":\"SearchAction\",\"target\":{\"@type\":\"EntryPoint\",\"urlTemplate\":\"https:\/\/coinlavigne.com\/?s={search_term_string}\"},\"query-input\":{\"@type\":\"PropertyValueSpecification\",\"valueRequired\":true,\"valueName\":\"search_term_string\"}}],\"inLanguage\":\"en-US\"}]}<\/script>\n<!-- \/ Yoast SEO Premium plugin. -->","yoast_head_json":{"title":"Cottage Without Fishing - Pricing - Cottage rental - Without Fishing","description":"Cottage Without Fishing. Pricing. Outfitter. Rental. du Trou. Auger. Paul. Blanc. de la Pointe. Bor\u00e9al. Castor. Drapeau. Lavigne. L'Assomption. River.","robots":{"index":"index","follow":"follow","max-snippet":"max-snippet:-1","max-image-preview":"max-image-preview:large","max-video-preview":"max-video-preview:-1"},"canonical":"https:\/\/coinlavigne.com\/en\/pricing\/cottage-without-fishing\/","og_locale":"en_US","og_type":"article","og_title":"Cottage rental Without Fishing","og_description":"Cottage Without Fishing. Pricing. Outfitter. Rental. du Trou. Auger. Paul. Blanc. de la Pointe. Bor\u00e9al. Castor. Drapeau. Lavigne. L'Assomption. River.","og_url":"https:\/\/coinlavigne.com\/en\/pricing\/cottage-without-fishing\/","og_site_name":"Pourvoirie Coin Lavigne","article_modified_time":"2024-12-20T00:51:29+00:00","twitter_card":"summary_large_image","twitter_misc":{"Est. reading time":"9 minutes"},"schema":{"@context":"https:\/\/schema.org","@graph":[{"@type":"WebPage","@id":"https:\/\/coinlavigne.com\/en\/pricing\/cottage-without-fishing\/","url":"https:\/\/coinlavigne.com\/en\/pricing\/cottage-without-fishing\/","name":"Cottage Without Fishing - Pricing - Cottage rental - Without Fishing","isPartOf":{"@id":"https:\/\/coinlavigne.com\/#website"},"datePublished":"2018-10-22T03:09:39+00:00","dateModified":"2024-12-20T00:51:29+00:00","description":"Cottage Without Fishing. Pricing. Outfitter. Rental. du Trou. Auger. Paul. Blanc. de la Pointe. Bor\u00e9al. Castor. Drapeau. Lavigne. L'Assomption. River.","breadcrumb":{"@id":"https:\/\/coinlavigne.com\/en\/pricing\/cottage-without-fishing\/#breadcrumb"},"inLanguage":"en-US","potentialAction":[{"@type":"ReadAction","target":["https:\/\/coinlavigne.com\/en\/pricing\/cottage-without-fishing\/"]}]},{"@type":"BreadcrumbList","@id":"https:\/\/coinlavigne.com\/en\/pricing\/cottage-without-fishing\/#breadcrumb","itemListElement":[{"@type":"ListItem","position":1,"name":"Home","item":"https:\/\/coinlavigne.com\/en\/"},{"@type":"ListItem","position":2,"name":"Pricing","item":"https:\/\/coinlavigne.com\/en\/pricing\/"},{"@type":"ListItem","position":3,"name":"Cottage rental Without Fishing"}]},{"@type":"WebSite","@id":"https:\/\/coinlavigne.com\/#website","url":"https:\/\/coinlavigne.com\/","name":"Pourvoirie Coin Lavigne","description":"Votre destination P\u00caCHE !","potentialAction":[{"@type":"SearchAction","target":{"@type":"EntryPoint","urlTemplate":"https:\/\/coinlavigne.com\/?s={search_term_string}"},"query-input":{"@type":"PropertyValueSpecification","valueRequired":true,"valueName":"search_term_string"}}],"inLanguage":"en-US"}]}},"_links":{"self":[{"href":"https:\/\/coinlavigne.com\/en\/wp-json\/wp\/v2\/pages\/12606","targetHints":{"allow":["GET"]}}],"collection":[{"href":"https:\/\/coinlavigne.com\/en\/wp-json\/wp\/v2\/pages"}],"about":[{"href":"https:\/\/coinlavigne.com\/en\/wp-json\/wp\/v2\/types\/page"}],"author":[{"embeddable":true,"href":"https:\/\/coinlavigne.com\/en\/wp-json\/wp\/v2\/users\/1"}],"replies":[{"embeddable":true,"href":"https:\/\/coinlavigne.com\/en\/wp-json\/wp\/v2\/comments?post=12606"}],"version-history":[{"count":23,"href":"https:\/\/coinlavigne.com\/en\/wp-json\/wp\/v2\/pages\/12606\/revisions"}],"predecessor-version":[{"id":16946,"href":"https:\/\/coinlavigne.com\/en\/wp-json\/wp\/v2\/pages\/12606\/revisions\/16946"}],"up":[{"embeddable":true,"href":"https:\/\/coinlavigne.com\/en\/wp-json\/wp\/v2\/pages\/12546"}],"wp:attachment":[{"href":"https:\/\/coinlavigne.com\/en\/wp-json\/wp\/v2\/media?parent=12606"}],"curies":[{"name":"wp","href":"https:\/\/api.w.org\/{rel}","templated":true}]}}