{"id":12283,"date":"2018-10-02T20:32:22","date_gmt":"2018-10-03T00:32:22","guid":{"rendered":"https:\/\/coinlavigne.com\/confirmation\/"},"modified":"2022-07-15T17:44:50","modified_gmt":"2022-07-15T21:44:50","slug":"confirmation","status":"publish","type":"page","link":"https:\/\/coinlavigne.com\/en\/confirmation\/","title":{"rendered":"Confirmation"},"content":{"rendered":"<p>[et_pb_section fb_built=&#8221;1&#8243; _builder_version=&#8221;4.16&#8243; background_image=&#8221;https:\/\/coinlavigne.com\/wp-content\/uploads\/2017\/04\/Coin-Lavigne-Logo-Accueil.jpg&#8221; parallax=&#8221;on&#8221; parallax_method=&#8221;off&#8221; global_colors_info=&#8221;{}&#8221;][et_pb_row _builder_version=&#8221;4.16&#8243; background_size=&#8221;initial&#8221; background_position=&#8221;top_left&#8221; background_repeat=&#8221;repeat&#8221; global_colors_info=&#8221;{}&#8221;][et_pb_column type=&#8221;4_4&#8243; _builder_version=&#8221;4.16&#8243; custom_padding=&#8221;|||&#8221; global_colors_info=&#8221;{}&#8221; custom_padding__hover=&#8221;|||&#8221;][et_pb_text admin_label=&#8221;Titre &#8211; Confirmation de r\u00e9servation&#8221; _builder_version=&#8221;4.16&#8243; header_text_align=&#8221;center&#8221; header_text_color=&#8221;#ff6600&#8243; background_color=&#8221;rgba(0,0,0,0.8)&#8221; background_layout=&#8221;dark&#8221; custom_padding=&#8221;30px|30px|30px|30px&#8221; global_colors_info=&#8221;{}&#8221;]<\/p>\n<h1>Booking Confirmation<\/h1>\n<p>[\/et_pb_text][\/et_pb_column][\/et_pb_row][et_pb_row _builder_version=&#8221;4.16&#8243; background_size=&#8221;initial&#8221; background_position=&#8221;top_left&#8221; background_repeat=&#8221;repeat&#8221; global_colors_info=&#8221;{}&#8221;][et_pb_column type=&#8221;4_4&#8243; _builder_version=&#8221;4.16&#8243; custom_padding=&#8221;|||&#8221; global_colors_info=&#8221;{}&#8221; custom_padding__hover=&#8221;|||&#8221;][et_pb_tabs active_tab_background_color=&#8221;#238a23&#8243; inactive_tab_background_color=&#8221;#000000&#8243; admin_label=&#8221;Tabs &#8211; Conditions de location&#8221; _builder_version=&#8221;4.17.6&#8243; tab_text_color=&#8221;#ffffff&#8221; body_text_align=&#8221;left&#8221; body_text_color=&#8221;#ffffff&#8221; tab_font=&#8221;||||||||&#8221; background_color=&#8221;rgba(0,0,0,0.8)&#8221; custom_padding=&#8221;30px|20px|30px|20px&#8221; hover_enabled=&#8221;0&#8243; custom_css_main_element=&#8221;border-color:black;&#8221; custom_css_tabs_controls=&#8221;background:black;&#8221; global_colors_info=&#8221;{}&#8221; sticky_enabled=&#8221;0&#8243;][et_pb_tab title=&#8221;Rental conditions&#8221; _builder_version=&#8221;4.17.6&#8243; hover_enabled=&#8221;0&#8243; global_colors_info=&#8221;{}&#8221; sticky_enabled=&#8221;0&#8243;]<\/p>\n<p>1. The tenant is responsible for the rented cottage and its contents. In addition, he\/she assumes the full and entire responsibility of the persons to whom it allows access. The occupants, to whom the tenant allows the access of the cottage, must conduct themselves so as not to disturb the other residents of close by accomodations while following the normal enjoyment of the premises.<\/p>\n<p>2. Under no circumstance shall the landlord be liable for any damages or losses suffered by the lessee.<\/p>\n<p>3. The landlord assumes no responsibility for damages, losses or theft in respect of the personal effects of the tenant and his guests.<\/p>\n<p>4. For cottages by the lake and by the river, towels, bedding (sheets), comforters and pillows are to be brought by the tenant. For kitchen items, these are provided by the Outfitter owner\/Landlord.<\/p>\n<p>5. It is strictly forbidden to make a fire on the ground. An external location is provided for this purpose. The fire must be completely extinguished, if left unattended (departure, night etc.). The interior fireplace door must remain closed at all times when there is a fire and leaving the cottage.<\/p>\n<p>6. The tenant is responsible for sewers and sink if clogged or damaged by his fault.<\/p>\n<p>[\/et_pb_tab][et_pb_tab title=&#8221;Tenant commitments&#8221; _builder_version=&#8221;4.16&#8243; global_colors_info=&#8221;{}&#8221;]1. When leaving, leave the premises, cottage, grounds, furniture and accessories in the same condition as on arrival and at their initial location. A surcharge will be added at the expense of the tenant if the landlord finds that the state of cleanliness of the cottage is deemed unsatisfactory.<\/p>\n<p>2. To comply with this lease. Failure to comply will result in costs that will be assessed at the Landlord\u2019s sole discretion. Failure to comply with the contract gives the landlord the right to expel the tenant and his guests immediately upon termination of this rental agreement. In such event, the landlord will retain all amounts paid to the tenant and reserves the right to appeal against the tenant if damage has been caused to the rented premises.<\/p>\n<p>3. To use the furniture and objects in the building rented for the intended use and in the places where they are. It is strictly forbidden to carry them out of the cottage.<\/p>\n<p>4. To notify the landlord as soon as the tenant becomes aware of a defect and \/ or breakage of equipment, furniture or building. Any abuse usage or non-normal use of the building and its content, causing stains, breakage or defect, will be repaired or replaced entirely at the tenant\u2019s expense.<\/p>\n<p>5. Do not throw anything into washbasins, toilets, bathtubs and showers that may obstruct the pipes, otherwise the costs incurred for the restoration will be fully charged to the tenant.<\/p>\n<p>6. Not to smoke inside the cottages since they are officially \u201cNon-smoking\u201d.<\/p>\n<p>7. To allow access to the premises at all times to the landlord to inspect the premises and to carry out urgent works necessary for the maintenance of the leased premises and its equipment.<\/p>\n<p>8. Household waste must not be accumulated inside the cottage. They must be packed in plastic bags and placed in the external waste bin provided for this purpose.<\/p>\n<p>9. Doors and windows should be locked when the cottage is unattended and at the end of the stay.<br \/>\n[\/et_pb_tab][et_pb_tab title=&#8221;Landlord commitments&#8221; _builder_version=&#8221;4.16&#8243; global_colors_info=&#8221;{}&#8221;]1. To keep in force, throughout the period of rental, the minimum insurance prescribed by law.<\/p>\n<p>2. To deliver the cottage in good condition, which is to be clean and with the equipment in good working order.<\/p>\n<p>3. To notify the tenant if, for any reason, the landlord can not rent the cottage to the tenant for the agreed dates and undertakes to refund the deposit in full to the tenant.<\/p>\n<p>No additional amount for damages or losses incurred may be claimed in any manner whatsoever from the landlord.<br \/>\n[\/et_pb_tab][et_pb_tab title=&#8221;Terms &#038; Conditions&#8221; _builder_version=&#8221;4.16&#8243; global_colors_info=&#8221;{}&#8221;]<\/p>\n<h2>Reservation policy:<\/h2>\n<p>\u00b7 For a reservation, $ 25 per adult per day is required, (minimum $ 150);<br \/>\n\u00b7 For a family package reservation (5 or 7 days), a deposit of $ 200 per family is required.<\/p>\n<h2>Cancellation Policy:<\/h2>\n<p>\u00b7 16 days or more before the arrival date, non-refundable deposit, postpone for a future reservation;<br \/>\n\u00b7 From 15 days before the arrival date, loss of deposit;<br \/>\n\u00b7 7 days and less before the arrival date, the total amount of the contract is due.[\/et_pb_tab][\/et_pb_tabs][\/et_pb_column][\/et_pb_row][et_pb_row column_structure=&#8221;2_5,3_5&#8243; use_custom_gutter=&#8221;on&#8221; gutter_width=&#8221;2&#8243; make_equal=&#8221;on&#8221; _builder_version=&#8221;4.16&#8243; global_colors_info=&#8221;{}&#8221;][et_pb_column type=&#8221;2_5&#8243; _builder_version=&#8221;4.16&#8243; background_color=&#8221;rgba(0,0,0,0.8)&#8221; custom_padding=&#8221;|||&#8221; global_colors_info=&#8221;{}&#8221; custom_padding__hover=&#8221;|||&#8221;][et_pb_text admin_label=&#8221;D\u00e9marche \u00e0 suivre&#8221; _builder_version=&#8221;4.16&#8243; text_text_color=&#8221;#ffffff&#8221; text_font_size=&#8221;16px&#8221; header_2_text_align=&#8221;left&#8221; header_2_text_color=&#8221;#ff6600&#8243; header_4_text_align=&#8221;left&#8221; header_4_text_color=&#8221;#ff6600&#8243; background_layout=&#8221;dark&#8221; custom_padding=&#8221;20px|20px|20px|20px&#8221; global_colors_info=&#8221;{}&#8221;]<\/p>\n<h2>Steps to follow:<\/h2>\n<h4>1) Take note of the information<\/h4>\n<ul>\n<li>Rental terms;<\/li>\n<li>Tenant\u2019s commitments;<\/li>\n<li>Landlord\u2019s commitments;<\/li>\n<li>Terms and conditions.<\/li>\n<\/ul>\n<h4>2) Fill in the form<\/h4>\n<h4>3) Submit confirmation<\/h4>\n<p>[\/et_pb_text][\/et_pb_column][et_pb_column type=&#8221;3_5&#8243; _builder_version=&#8221;4.16&#8243; background_color=&#8221;rgba(0,0,0,0.8)&#8221; custom_padding=&#8221;|||&#8221; global_colors_info=&#8221;{}&#8221; custom_padding__hover=&#8221;|||&#8221;][et_pb_text admin_label=&#8221;Formulaire de confirmation&#8221; _builder_version=&#8221;4.16&#8243; text_text_color=&#8221;#ff6600&#8243; background_layout=&#8221;dark&#8221; custom_padding=&#8221;20px|20px|20px|20px&#8221; global_colors_info=&#8221;{}&#8221;]<div class=\"wpforms-container wpforms-container-full\" id=\"wpforms-12748\"><form id=\"wpforms-form-12748\" class=\"wpforms-validate wpforms-form\" data-formid=\"12748\" method=\"post\" enctype=\"multipart\/form-data\" action=\"\/en\/wp-json\/wp\/v2\/pages\/12283\" data-token=\"a92b6d34ad6df385d51bbcd3eae4bfb3\" data-token-time=\"1776026519\"><noscript class=\"wpforms-error-noscript\">Please enable JavaScript in your browser to complete this form.<\/noscript><div class=\"wpforms-field-container\"><div id=\"wpforms-12748-field_0-container\" class=\"wpforms-field wpforms-field-name\" data-field-id=\"0\"><label class=\"wpforms-field-label\" for=\"wpforms-12748-field_0\">Complet name <span class=\"wpforms-required-label\">*<\/span><\/label><div class=\"wpforms-field-row wpforms-field-medium\"><div class=\"wpforms-field-row-block wpforms-first wpforms-one-half\"><input type=\"text\" id=\"wpforms-12748-field_0\" class=\"wpforms-field-name-first wpforms-field-required\" name=\"wpforms[fields][0][first]\" placeholder=\"First name\" required><label for=\"wpforms-12748-field_0\" class=\"wpforms-field-sublabel after wpforms-sublabel-hide\">First<\/label><\/div><div class=\"wpforms-field-row-block wpforms-one-half\"><input type=\"text\" id=\"wpforms-12748-field_0-last\" class=\"wpforms-field-name-last wpforms-field-required\" name=\"wpforms[fields][0][last]\" placeholder=\"Last name\" required><label for=\"wpforms-12748-field_0-last\" class=\"wpforms-field-sublabel after wpforms-sublabel-hide\">Last<\/label><\/div><\/div><\/div><div id=\"wpforms-12748-field_1-container\" class=\"wpforms-field wpforms-field-email\" data-field-id=\"1\"><label class=\"wpforms-field-label\" for=\"wpforms-12748-field_1\">Email address <span class=\"wpforms-required-label\">*<\/span><\/label><input type=\"email\" id=\"wpforms-12748-field_1\" class=\"wpforms-field-medium wpforms-field-required\" name=\"wpforms[fields][1]\" spellcheck=\"false\" required><\/div><div id=\"wpforms-12748-field_3-container\" class=\"wpforms-field wpforms-field-checkbox\" data-field-id=\"3\"><label class=\"wpforms-field-label\">I confirme <span class=\"wpforms-required-label\">*<\/span><\/label><ul id=\"wpforms-12748-field_3\" class=\"wpforms-field-required\"><li class=\"choice-1 depth-1\"><input type=\"checkbox\" id=\"wpforms-12748-field_3_1\" name=\"wpforms[fields][3][]\" value=\"I accept the conditions, commitments, terms &amp; conditions of the contract.\" required ><label class=\"wpforms-field-label-inline\" for=\"wpforms-12748-field_3_1\">I accept the conditions, commitments, terms &amp; conditions of the contract.<\/label><\/li><\/ul><\/div><\/div><!-- .wpforms-field-container --><div class=\"wpforms-field wpforms-field-hp\"><label for=\"wpforms-12748-field-hp\" class=\"wpforms-field-label\">Name<\/label><input type=\"text\" name=\"wpforms[hp]\" id=\"wpforms-12748-field-hp\" class=\"wpforms-field-medium\"><\/div><div class=\"wpforms-submit-container\" ><input type=\"hidden\" name=\"wpforms[id]\" value=\"12748\"><input type=\"hidden\" name=\"page_title\" value=\"\"><input type=\"hidden\" name=\"page_url\" value=\"https:\/\/coinlavigne.com\/en\/wp-json\/wp\/v2\/pages\/12283\"><input type=\"hidden\" name=\"url_referer\" value=\"\"><button type=\"submit\" name=\"wpforms[submit]\" id=\"wpforms-submit-12748\" class=\"wpforms-submit\" data-alt-text=\"Sending in progress...\" data-submit-text=\"Submit\" aria-live=\"assertive\" value=\"wpforms-submit\">Submit<\/button><\/div><\/form><\/div>  <!-- .wpforms-container --><br \/>\n[\/et_pb_text][\/et_pb_column][\/et_pb_row][\/et_pb_section][et_pb_section fb_built=&#8221;1&#8243; _builder_version=&#8221;3.22&#8243; background_color=&#8221;#000000&#8243; custom_margin=&#8221;||0px|&#8221; custom_padding=&#8221;||0px|&#8221; global_module=&#8221;10936&#8243; global_colors_info=&#8221;{}&#8221;][et_pb_row column_structure=&#8221;1_4,1_4,1_4,1_4&#8243; _builder_version=&#8221;4.16&#8243; background_size=&#8221;initial&#8221; background_position=&#8221;top_left&#8221; background_repeat=&#8221;repeat&#8221; custom_margin=&#8221;||0px|&#8221; custom_padding=&#8221;||0px|&#8221; global_colors_info=&#8221;{}&#8221;][et_pb_column type=&#8221;1_4&#8243; _builder_version=&#8221;4.16&#8243; custom_padding=&#8221;|||&#8221; global_colors_info=&#8221;{}&#8221; custom_padding__hover=&#8221;|||&#8221;][et_pb_text admin_label=&#8221;Our address&#8221; _builder_version=&#8221;4.16&#8243; text_text_color=&#8221;#ffffff&#8221; custom_padding=&#8221;|||10px&#8221; border_width_left=&#8221;2px&#8221; border_color_left=&#8221;#ff6600&#8243; global_colors_info=&#8221;{}&#8221;]<\/p>\n<h4>Our address<\/h4>\n<p>5045 Chemin du Parc-du-Mont-Tremblant<br \/>\nSaint-C\u00f4me, Qc<\/p>\n<h4><\/h4>\n<h5>Do not use this address for the GPS<\/h5>\n<p>[\/et_pb_text][\/et_pb_column][et_pb_column type=&#8221;1_4&#8243; _builder_version=&#8221;4.16&#8243; custom_padding=&#8221;|||&#8221; global_colors_info=&#8221;{}&#8221; custom_padding__hover=&#8221;|||&#8221;][et_pb_text admin_label=&#8221;GPS Coordinates&#8221; _builder_version=&#8221;4.16&#8243; text_text_color=&#8221;#ffffff&#8221; custom_padding=&#8221;|||10px&#8221; border_width_left=&#8221;2px&#8221; border_color_left=&#8221;#ff6600&#8243; global_colors_info=&#8221;{}&#8221;]<\/p>\n<h4>GPS Coordinates<\/h4>\n<p><a style=\"color: #ffffff;\" href=\"https:\/\/www.google.ca\/maps\/place\/46%C2%B023'00.2%22N+73%C2%B053'48.3%22W\/@46.3833889,-73.8989387,17z\/data=!3m1!4b1!4m5!3m4!1s0x0:0x0!8m2!3d46.38338!4d-73.89675\" target=\"_blank\" rel=\"noopener noreferrer\">46.38338N,73.89675W<\/a><\/p>\n<p>[\/et_pb_text][\/et_pb_column][et_pb_column type=&#8221;1_4&#8243; _builder_version=&#8221;4.16&#8243; custom_padding=&#8221;|||&#8221; global_colors_info=&#8221;{}&#8221; custom_padding__hover=&#8221;|||&#8221;][et_pb_text admin_label=&#8221;Informations&#8221; _builder_version=&#8221;4.16&#8243; text_text_color=&#8221;#ffffff&#8221; custom_padding=&#8221;|||10px&#8221; border_width_left=&#8221;2px&#8221; border_color_left=&#8221;#ff6600&#8243; global_colors_info=&#8221;{}&#8221;]<\/p>\n<h4>Informations<\/h4>\n<div><span style=\"color: #ff6600;\">Phone <\/span>(450) 883-1072<\/div>\n<div><span style=\"color: #ff6600;\">Toll Free <\/span>1-800-872-1072<\/div>\n<div><span style=\"color: #ff6600;\">Fax <\/span>(450) 883-8921<\/div>\n<div><span style=\"color: #ff6600;\">Email <\/span><a style=\"color: #ffffff;\" title=\"info@coinlavigne.com\" href=\"mailto:info@coinlavigne.com\">info@coinlavigne.com<\/a><\/div>\n<p>[\/et_pb_text][\/et_pb_column][et_pb_column type=&#8221;1_4&#8243; _builder_version=&#8221;4.16&#8243; custom_padding=&#8221;|||&#8221; global_colors_info=&#8221;{}&#8221; custom_padding__hover=&#8221;|||&#8221;][et_pb_text admin_label=&#8221;MailChimp Footer&#8221; _builder_version=&#8221;4.16&#8243; global_colors_info=&#8221;{}&#8221;]<\/p>\n<h4>Newsletter<\/h4>\n<div> \t<link href=\"\/\/cdn-images.mailchimp.com\/embedcode\/slim-10_7.css\" rel=\"stylesheet\" type=\"text\/css\">\n<style type=\"text\/css\">\n\t#mc_embed_signup{background:#000; clear:left; width:350px;}\n<\/style>\n<div id=\"mc_embed_signup\">\n<form action=\"https:\/\/coinlavigne.us14.list-manage.com\/subscribe\/post?u=af32baae55e27f021e06d5036&amp;id=12161bf4c3\" method=\"post\" id=\"mc-embedded-subscribe-form\" name=\"mc-embedded-subscribe-form\" class=\"validate\" target=\"_blank\" novalidate=\"novalidate\">\n<div id=\"mc_embed_signup_scroll\">\n\t<input type=\"email\" value=\"\" name=\"EMAIL\" class=\"email\" id=\"mce-EMAIL\" placeholder=\"email address\" required=\"\" aria-required=\"true\"><\/p>\n<div style=\"position: absolute; left: -5000px;\" aria-hidden=\"true\"><input type=\"text\" name=\"b_af32baae55e27f021e06d5036_12161bf4c3\" tabindex=\"-1\" value=\"\"><\/div>\n<div class=\"clear\"><input type=\"submit\" value=\"Subscribe\" name=\"subscribe\" id=\"mc-embedded-subscribe\" class=\"button\"><\/div>\n<\/div>\n<\/form>\n<\/div>\n<\/div>\n<p>[\/et_pb_text][\/et_pb_column][\/et_pb_row][\/et_pb_section][et_pb_section fb_built=&#8221;1&#8243; _builder_version=&#8221;4.16&#8243; background_color=&#8221;#000000&#8243; custom_margin=&#8221;0px||0px|&#8221; custom_padding=&#8221;10px||0px|&#8221; global_colors_info=&#8221;{}&#8221;][et_pb_row _builder_version=&#8221;4.16&#8243; custom_margin=&#8221;0px||0px|&#8221; global_colors_info=&#8221;{}&#8221;][et_pb_column type=&#8221;4_4&#8243; _builder_version=&#8221;4.16&#8243; custom_padding=&#8221;|||&#8221; global_colors_info=&#8221;{}&#8221; custom_padding__hover=&#8221;|||&#8221;][et_pb_text admin_label=&#8221;SEO Footer&#8221; _builder_version=&#8221;4.16&#8243; header_3_text_align=&#8221;center&#8221; global_colors_info=&#8221;{}&#8221;]<\/p>\n<h3>Booking confirmation &#8211; Pourvoirie &#8211; Coin Lavigne &#8211; Outfitter &#8211; Lanaudi\u00e8re Fishing &#8211; Quebec fishing &#8211; Fishing Cottage &#8211; Fishing Outfitter &#8211; P\u00eache Qu\u00e9bec &#8211; Fishing Cottage rentals &#8211; Quebec fishing Outfitter &#8211; Family Outfitter &#8211; Cottage rentals in Quebec &#8211; Cottage rental &#8211; Quebec Cottage rental &#8211; Cottage for rent &#8211; Lanaudi\u00e8re hunting &#8211; St-C\u00f4me Outfitter &#8211; Lanaudi\u00e8re Outfitter &#8211; Ice Fishing &#8211; Hunting &#8211; Bear &#8211; Moose &#8211; Small game hinting &#8211; Cottage &#8211; Snowmobile &#8211; ATV &#8211; Snowmobile rental &#8211; ATV Rental &#8211; St-C\u00f4me &#8211; Mont-Tremblant Park &#8211; Upper Matawinie &#8211; Lanaudi\u00e8re &#8211; Quebec &#8211; Qc<\/h3>\n<p>[\/et_pb_text][\/et_pb_column][\/et_pb_row][\/et_pb_section]<\/p>\n<span class=\"et_bloom_bottom_trigger\"><\/span>","protected":false},"excerpt":{"rendered":"<p>Booking Confirmation 1. The tenant is responsible for the rented cottage and its contents. In addition, he\/she assumes the full and entire responsibility of the persons to whom it allows access. The occupants, to whom the tenant allows the access of the cottage, must conduct themselves so as not to disturb the other residents of\u2026 <a href=\"https:\/\/coinlavigne.com\/en\/confirmation\/\">Read More &raquo;<\/a><\/p>\n","protected":false},"author":1,"featured_media":0,"parent":0,"menu_order":0,"comment_status":"closed","ping_status":"closed","template":"","meta":{"_et_pb_use_builder":"on","_et_pb_old_content":"","_et_gb_content_width":"","footnotes":""},"class_list":["post-12283","page","type-page","status-publish","hentry"],"yoast_head":"<!-- This site is optimized with the Yoast SEO Premium plugin v19.1 (Yoast SEO v27.2) - https:\/\/yoast.com\/product\/yoast-seo-premium-wordpress\/ -->\n<title>Confirmation - Conditions - Commitments - Tenant - Landlord - Terms<\/title>\n<meta name=\"description\" content=\"Confirmation. Coin Lavigne. Outfitter. Rental conditions. Tenant commitments. Landlord commitments. Terms and conditions. St-C\u00f4me.\" \/>\n<meta name=\"robots\" content=\"index, follow, max-snippet:-1, max-image-preview:large, max-video-preview:-1\" \/>\n<link rel=\"canonical\" href=\"https:\/\/coinlavigne.com\/en\/confirmation\/\" \/>\n<meta property=\"og:locale\" content=\"en_US\" \/>\n<meta property=\"og:type\" content=\"article\" \/>\n<meta property=\"og:title\" content=\"Confirmation\" \/>\n<meta property=\"og:description\" content=\"Confirmation. Coin Lavigne. Outfitter. Rental conditions. Tenant commitments. Landlord commitments. Terms and conditions. St-C\u00f4me.\" \/>\n<meta property=\"og:url\" content=\"https:\/\/coinlavigne.com\/en\/confirmation\/\" \/>\n<meta property=\"og:site_name\" content=\"Pourvoirie Coin Lavigne\" \/>\n<meta property=\"article:modified_time\" content=\"2022-07-15T21:44:50+00:00\" \/>\n<meta name=\"twitter:card\" content=\"summary_large_image\" \/>\n<meta name=\"twitter:label1\" content=\"Est. reading time\" \/>\n\t<meta name=\"twitter:data1\" content=\"8 minutes\" \/>\n<script type=\"application\/ld+json\" class=\"yoast-schema-graph\">{\"@context\":\"https:\/\/schema.org\",\"@graph\":[{\"@type\":\"WebPage\",\"@id\":\"https:\/\/coinlavigne.com\/en\/confirmation\/\",\"url\":\"https:\/\/coinlavigne.com\/en\/confirmation\/\",\"name\":\"Confirmation - Conditions - Commitments - Tenant - Landlord - Terms\",\"isPartOf\":{\"@id\":\"https:\/\/coinlavigne.com\/#website\"},\"datePublished\":\"2018-10-03T00:32:22+00:00\",\"dateModified\":\"2022-07-15T21:44:50+00:00\",\"description\":\"Confirmation. Coin Lavigne. Outfitter. Rental conditions. Tenant commitments. Landlord commitments. Terms and conditions. St-C\u00f4me.\",\"breadcrumb\":{\"@id\":\"https:\/\/coinlavigne.com\/en\/confirmation\/#breadcrumb\"},\"inLanguage\":\"en-US\",\"potentialAction\":[{\"@type\":\"ReadAction\",\"target\":[\"https:\/\/coinlavigne.com\/en\/confirmation\/\"]}]},{\"@type\":\"BreadcrumbList\",\"@id\":\"https:\/\/coinlavigne.com\/en\/confirmation\/#breadcrumb\",\"itemListElement\":[{\"@type\":\"ListItem\",\"position\":1,\"name\":\"Home\",\"item\":\"https:\/\/coinlavigne.com\/en\/\"},{\"@type\":\"ListItem\",\"position\":2,\"name\":\"Confirmation\"}]},{\"@type\":\"WebSite\",\"@id\":\"https:\/\/coinlavigne.com\/#website\",\"url\":\"https:\/\/coinlavigne.com\/\",\"name\":\"Pourvoirie Coin Lavigne\",\"description\":\"Votre destination P\u00caCHE !\",\"potentialAction\":[{\"@type\":\"SearchAction\",\"target\":{\"@type\":\"EntryPoint\",\"urlTemplate\":\"https:\/\/coinlavigne.com\/?s={search_term_string}\"},\"query-input\":{\"@type\":\"PropertyValueSpecification\",\"valueRequired\":true,\"valueName\":\"search_term_string\"}}],\"inLanguage\":\"en-US\"}]}<\/script>\n<!-- \/ Yoast SEO Premium plugin. -->","yoast_head_json":{"title":"Confirmation - Conditions - Commitments - Tenant - Landlord - Terms","description":"Confirmation. Coin Lavigne. Outfitter. Rental conditions. Tenant commitments. Landlord commitments. Terms and conditions. St-C\u00f4me.","robots":{"index":"index","follow":"follow","max-snippet":"max-snippet:-1","max-image-preview":"max-image-preview:large","max-video-preview":"max-video-preview:-1"},"canonical":"https:\/\/coinlavigne.com\/en\/confirmation\/","og_locale":"en_US","og_type":"article","og_title":"Confirmation","og_description":"Confirmation. Coin Lavigne. Outfitter. Rental conditions. Tenant commitments. Landlord commitments. Terms and conditions. St-C\u00f4me.","og_url":"https:\/\/coinlavigne.com\/en\/confirmation\/","og_site_name":"Pourvoirie Coin Lavigne","article_modified_time":"2022-07-15T21:44:50+00:00","twitter_card":"summary_large_image","twitter_misc":{"Est. reading time":"8 minutes"},"schema":{"@context":"https:\/\/schema.org","@graph":[{"@type":"WebPage","@id":"https:\/\/coinlavigne.com\/en\/confirmation\/","url":"https:\/\/coinlavigne.com\/en\/confirmation\/","name":"Confirmation - Conditions - Commitments - Tenant - Landlord - Terms","isPartOf":{"@id":"https:\/\/coinlavigne.com\/#website"},"datePublished":"2018-10-03T00:32:22+00:00","dateModified":"2022-07-15T21:44:50+00:00","description":"Confirmation. Coin Lavigne. Outfitter. Rental conditions. Tenant commitments. Landlord commitments. Terms and conditions. St-C\u00f4me.","breadcrumb":{"@id":"https:\/\/coinlavigne.com\/en\/confirmation\/#breadcrumb"},"inLanguage":"en-US","potentialAction":[{"@type":"ReadAction","target":["https:\/\/coinlavigne.com\/en\/confirmation\/"]}]},{"@type":"BreadcrumbList","@id":"https:\/\/coinlavigne.com\/en\/confirmation\/#breadcrumb","itemListElement":[{"@type":"ListItem","position":1,"name":"Home","item":"https:\/\/coinlavigne.com\/en\/"},{"@type":"ListItem","position":2,"name":"Confirmation"}]},{"@type":"WebSite","@id":"https:\/\/coinlavigne.com\/#website","url":"https:\/\/coinlavigne.com\/","name":"Pourvoirie Coin Lavigne","description":"Votre destination P\u00caCHE !","potentialAction":[{"@type":"SearchAction","target":{"@type":"EntryPoint","urlTemplate":"https:\/\/coinlavigne.com\/?s={search_term_string}"},"query-input":{"@type":"PropertyValueSpecification","valueRequired":true,"valueName":"search_term_string"}}],"inLanguage":"en-US"}]}},"_links":{"self":[{"href":"https:\/\/coinlavigne.com\/en\/wp-json\/wp\/v2\/pages\/12283","targetHints":{"allow":["GET"]}}],"collection":[{"href":"https:\/\/coinlavigne.com\/en\/wp-json\/wp\/v2\/pages"}],"about":[{"href":"https:\/\/coinlavigne.com\/en\/wp-json\/wp\/v2\/types\/page"}],"author":[{"embeddable":true,"href":"https:\/\/coinlavigne.com\/en\/wp-json\/wp\/v2\/users\/1"}],"replies":[{"embeddable":true,"href":"https:\/\/coinlavigne.com\/en\/wp-json\/wp\/v2\/comments?post=12283"}],"version-history":[{"count":3,"href":"https:\/\/coinlavigne.com\/en\/wp-json\/wp\/v2\/pages\/12283\/revisions"}],"predecessor-version":[{"id":16140,"href":"https:\/\/coinlavigne.com\/en\/wp-json\/wp\/v2\/pages\/12283\/revisions\/16140"}],"wp:attachment":[{"href":"https:\/\/coinlavigne.com\/en\/wp-json\/wp\/v2\/media?parent=12283"}],"curies":[{"name":"wp","href":"https:\/\/api.w.org\/{rel}","templated":true}]}}