{"id":12253,"date":"2018-10-02T14:47:31","date_gmt":"2018-10-02T18:47:31","guid":{"rendered":"https:\/\/coinlavigne.com\/about-us\/"},"modified":"2024-11-11T21:13:07","modified_gmt":"2024-11-12T02:13:07","slug":"about-us","status":"publish","type":"page","link":"https:\/\/coinlavigne.com\/en\/about-us\/","title":{"rendered":"About us"},"content":{"rendered":"<p>[et_pb_section fb_built=&#8221;1&#8243; _builder_version=&#8221;4.16&#8243; global_colors_info=&#8221;{}&#8221;][et_pb_row column_structure=&#8221;1_2,1_2&#8243; _builder_version=&#8221;4.16&#8243; background_size=&#8221;initial&#8221; background_position=&#8221;top_left&#8221; background_repeat=&#8221;repeat&#8221; global_colors_info=&#8221;{}&#8221;][et_pb_column type=&#8221;1_2&#8243; _builder_version=&#8221;4.16&#8243; custom_padding=&#8221;|||&#8221; global_colors_info=&#8221;{}&#8221; custom_padding__hover=&#8221;|||&#8221;][et_pb_text admin_label=&#8221;\u00c0 propos&#8221; _builder_version=&#8221;4.22.2&#8243; text_orientation=&#8221;justified&#8221; global_colors_info=&#8221;{}&#8221;]<\/p>\n<h1>About us\u2026<\/h1>\n<p><strong>Coin Lavigne Outfitter<\/strong>\u00a0is one of the oldest outfitters in the Lanaudi\u00e8re region. Unlike most outfitters, who at the time were private clubs of American, the Coin Lavigne was a relay for loggers until the late 1940s. Later on, about 6 owners have followed up until today.<\/p>\n<p>Myl\u00e8ne and I, Sylvain, have made the purchase of the lodge in 2009. Since that time, we continue to improve and build new cottages to meet the ever-growing clientele. The \u201c<strong>Coin Lavigne<\/strong>\u201d name comes from the fact that the main building is located at the corner of two rivers which are named: the <strong>Lavigne River<\/strong> and the <strong>l\u2019Assomption River<\/strong>. This last one was the den for the loggers at the time..<\/p>\n<p>Our geographical location is in the mountains, with eight magnificent lakes, filled with beautiful wild and stocked trout. We sow twice a week for the summer season. Additionally, we have a lake stocked with trout 2 pounds and above in May and June.<\/p>\n<p>[\/et_pb_text][\/et_pb_column][et_pb_column type=&#8221;1_2&#8243; _builder_version=&#8221;4.16&#8243; custom_padding=&#8221;|||&#8221; global_colors_info=&#8221;{}&#8221; custom_padding__hover=&#8221;|||&#8221;][et_pb_image src=&#8221;https:\/\/coinlavigne.com\/wp-content\/uploads\/2017\/04\/Coin-Lavigne-A-propos-Famille-Turenne.jpg&#8221; align=&#8221;center&#8221; align_tablet=&#8221;center&#8221; align_phone=&#8221;&#8221; align_last_edited=&#8221;on|desktop&#8221; admin_label=&#8221;Image &#8211; Famille Turenne&#8221; _builder_version=&#8221;4.16&#8243; custom_margin=&#8221;45px|||&#8221; global_colors_info=&#8221;{}&#8221;][\/et_pb_image][\/et_pb_column][\/et_pb_row][et_pb_row _builder_version=&#8221;4.16&#8243; background_size=&#8221;initial&#8221; background_position=&#8221;top_left&#8221; background_repeat=&#8221;repeat&#8221; global_colors_info=&#8221;{}&#8221;][et_pb_column type=&#8221;4_4&#8243; _builder_version=&#8221;4.16&#8243; custom_padding=&#8221;|||&#8221; global_colors_info=&#8221;{}&#8221; custom_padding__hover=&#8221;|||&#8221;][et_pb_text admin_label=&#8221;\u00c0 propos &#8211; Suite&#8221; _builder_version=&#8221;4.23&#8243; text_orientation=&#8221;justified&#8221; global_colors_info=&#8221;{}&#8221;]<\/p>\n<p>It\u2019s easy to get to Coin Lavigne, because it is on a paved road along a beautiful river that brings you to our main building. With less than 2 hours drive from Montreal or 3 hours drive from Quebec, you get to your destination and start <strong>fishing<\/strong> or <strong>relaxing in the cottage<\/strong> you rented\u2026.<\/p>\n<p>At the <strong>Main building,<\/strong> you have a <strong>restaurant \/ snack bar (open during winter period)<\/strong> with a <strong>bar<\/strong> and <strong>two bedrooms<\/strong> upstairs. It is possible to get <strong>fuel<\/strong>, <strong>fishing accessories<\/strong>, rent <strong>motors &amp; batteries <\/strong>and have access to <strong>other services<\/strong>. We offer you <strong>ten cottages<\/strong> with <strong>electricity<\/strong> which are <strong>located along the two rivers<\/strong>. Five of them are <strong>three-bedroom cottages<\/strong> with a capacity of 10 people each. Others, freshly renovated, offers two bedrooms for a total of 6 people each and finally, one cottage with a bedroom to accommodate up to four people.<\/p>\n<p>There are<strong> five campsites with two services<\/strong> (water and electricity), which are at the corner of the two rivers. Nearby, there is a <strong>small beach<\/strong> with <strong>kayak and paddle boat.<\/strong><\/p>\n<p><strong>On the territory<\/strong>, you will find <strong>eight cottages<\/strong> which are directly <strong>on the lake shores.<\/strong> We find from one to three cottages per lake but distanced from each other.<\/p>\n<p>During your stay at Coin Lavigne you can rent cottages with or without fishing rights to relax with your family or friends. You can also explore our <strong>moose, bear and small game hunting grounds<\/strong>. You can do <strong>snowshoeing<\/strong>, and even\u00a0<strong>hiking<\/strong>.<\/p>\n<p><strong>During winter season<\/strong>, Coin Lavinge becomes a <strong>snowmobile relay<\/strong> which offers a <strong>restaurant service<\/strong>, a <strong>gas station<\/strong>.<\/p>\n<p><strong>Coin Lavigne Outfitters<\/strong> is a wise and appropriate choice for a holiday because it is a nice and <strong>easy to get to site<\/strong>, <strong>well located between large Quebec province cities<\/strong>. This <strong>beautiful forest<\/strong> is <strong>rich in natural resources<\/strong>. In addition you will be greeted by a motivated team that likes its job. You, your family and friends will live a <strong>great experience<\/strong> that will be remembered for a long long time.<\/p>\n<p>See you soon!<\/p>\n<p><strong>Sylvain Turenne<\/strong><br \/><em>Owner &#8211; Coin Lavigne &#8211; Outfitter<\/em><\/p>\n<p>[\/et_pb_text][\/et_pb_column][\/et_pb_row][\/et_pb_section][et_pb_section fb_built=&#8221;1&#8243; _builder_version=&#8221;4.27.3&#8243; _module_preset=&#8221;default&#8221; background_color=&#8221;#333333&#8243; locked=&#8221;off&#8221; global_colors_info=&#8221;{}&#8221;][et_pb_row _builder_version=&#8221;4.27.3&#8243; _module_preset=&#8221;default&#8221; background_color=&#8221;#000000&#8243; global_colors_info=&#8221;{}&#8221;][et_pb_column type=&#8221;4_4&#8243; _builder_version=&#8221;4.27.3&#8243; _module_preset=&#8221;default&#8221; global_colors_info=&#8221;{}&#8221;][et_pb_text _builder_version=&#8221;4.27.3&#8243; _module_preset=&#8221;default&#8221; header_2_text_align=&#8221;center&#8221; header_2_text_color=&#8221;#ff6600&#8243; global_colors_info=&#8221;{}&#8221;]<\/p>\n<h2>For more details or to book your place<\/h2>\n<p>[\/et_pb_text][et_pb_button button_url=&#8221;https:\/\/coinlavigne.com\/en\/contact\/&#8221; button_text=&#8221;Contact us&#8221; button_alignment=&#8221;center&#8221; admin_label=&#8221;Button &#8211; Contactez-nous&#8221; _builder_version=&#8221;4.16&#8243; custom_button=&#8221;on&#8221; button_text_color=&#8221;#ffffff&#8221; button_bg_color=&#8221;#238a23&#8243; background_layout=&#8221;dark&#8221; global_colors_info=&#8221;{}&#8221; button_text_size__hover_enabled=&#8221;off&#8221; button_text_size__hover=&#8221;null&#8221; button_one_text_size__hover_enabled=&#8221;off&#8221; button_one_text_size__hover=&#8221;null&#8221; button_two_text_size__hover_enabled=&#8221;off&#8221; button_two_text_size__hover=&#8221;null&#8221; button_text_color__hover_enabled=&#8221;off&#8221; button_text_color__hover=&#8221;null&#8221; button_one_text_color__hover_enabled=&#8221;off&#8221; button_one_text_color__hover=&#8221;null&#8221; button_two_text_color__hover_enabled=&#8221;off&#8221; button_two_text_color__hover=&#8221;null&#8221; button_border_width__hover_enabled=&#8221;off&#8221; button_border_width__hover=&#8221;null&#8221; button_one_border_width__hover_enabled=&#8221;off&#8221; button_one_border_width__hover=&#8221;null&#8221; button_two_border_width__hover_enabled=&#8221;off&#8221; button_two_border_width__hover=&#8221;null&#8221; button_border_color__hover_enabled=&#8221;off&#8221; button_border_color__hover=&#8221;null&#8221; button_one_border_color__hover_enabled=&#8221;off&#8221; button_one_border_color__hover=&#8221;null&#8221; button_two_border_color__hover_enabled=&#8221;off&#8221; button_two_border_color__hover=&#8221;null&#8221; button_border_radius__hover_enabled=&#8221;off&#8221; button_border_radius__hover=&#8221;null&#8221; button_one_border_radius__hover_enabled=&#8221;off&#8221; button_one_border_radius__hover=&#8221;null&#8221; button_two_border_radius__hover_enabled=&#8221;off&#8221; button_two_border_radius__hover=&#8221;null&#8221; button_letter_spacing__hover_enabled=&#8221;off&#8221; button_letter_spacing__hover=&#8221;null&#8221; button_one_letter_spacing__hover_enabled=&#8221;off&#8221; button_one_letter_spacing__hover=&#8221;null&#8221; button_two_letter_spacing__hover_enabled=&#8221;off&#8221; button_two_letter_spacing__hover=&#8221;null&#8221; button_bg_color__hover_enabled=&#8221;off&#8221; button_bg_color__hover=&#8221;null&#8221; button_one_bg_color__hover_enabled=&#8221;off&#8221; button_one_bg_color__hover=&#8221;null&#8221; button_two_bg_color__hover_enabled=&#8221;off&#8221; button_two_bg_color__hover=&#8221;null&#8221;]<\/p>\n<p>\u00a0<\/p>\n<p>[\/et_pb_button][\/et_pb_column][\/et_pb_row][et_pb_row _builder_version=&#8221;4.27.3&#8243; _module_preset=&#8221;default&#8221; global_colors_info=&#8221;{}&#8221;][et_pb_column type=&#8221;4_4&#8243; _builder_version=&#8221;4.27.3&#8243; _module_preset=&#8221;default&#8221; global_colors_info=&#8221;{}&#8221;][et_pb_text _builder_version=&#8221;4.27.3&#8243; _module_preset=&#8221;default&#8221; text_text_color=&#8221;#FFFFFF&#8221; text_orientation=&#8221;center&#8221; global_colors_info=&#8221;{}&#8221;]<\/p>\n<p>Prices are subject to change without notice.<br \/>(Prices do not include taxes)<br \/>(Certain conditions may apply)<\/p>\n<p>[\/et_pb_text][\/et_pb_column][\/et_pb_row][\/et_pb_section][et_pb_section fb_built=&#8221;1&#8243; _builder_version=&#8221;4.0.11&#8243; background_color=&#8221;#000000&#8243; global_module=&#8221;14640&#8243; global_colors_info=&#8221;{}&#8221;][et_pb_row column_structure=&#8221;1_4,1_4,1_4,1_4&#8243; _builder_version=&#8221;4.16&#8243; global_colors_info=&#8221;{}&#8221;][et_pb_column type=&#8221;1_4&#8243; _builder_version=&#8221;4.16&#8243; global_colors_info=&#8221;{}&#8221;][et_pb_text admin_label=&#8221;Our address&#8221; _builder_version=&#8221;4.16&#8243; text_text_color=&#8221;#ffffff&#8221; header_4_text_color=&#8221;#ff6600&#8243; custom_padding=&#8221;|||10px|false|false&#8221; border_width_left=&#8221;2px&#8221; border_color_left=&#8221;#ff6600&#8243; global_colors_info=&#8221;{}&#8221;]<\/p>\n<h4>Our address<\/h4>\n<p>5045 Chemin du Parc-du-Mont-Tremblant<br \/>\nSaint-C\u00f4me, Qc<\/p>\n<h4><\/h4>\n<h5>Do not use this address for the GPS<\/h5>\n<p>[\/et_pb_text][\/et_pb_column][et_pb_column type=&#8221;1_4&#8243; _builder_version=&#8221;4.16&#8243; global_colors_info=&#8221;{}&#8221;][et_pb_text admin_label=&#8221;GPS Coordinates&#8221; _builder_version=&#8221;4.16&#8243; text_text_color=&#8221;#ffffff&#8221; header_4_text_color=&#8221;#ff6600&#8243; custom_padding=&#8221;|||10px|false|false&#8221; border_width_left=&#8221;2px&#8221; border_color_left=&#8221;#ff6600&#8243; global_colors_info=&#8221;{}&#8221;]<\/p>\n<h4>GPS Coordinates<\/h4>\n<p><a style=\"color: #ffffff;\" href=\"https:\/\/www.google.ca\/maps\/place\/46%C2%B023'00.2%22N+73%C2%B053'48.3%22W\/@46.3833889,-73.8989387,17z\/data=!3m1!4b1!4m5!3m4!1s0x0:0x0!8m2!3d46.38338!4d-73.89675\" target=\"_blank\" rel=\"noopener noreferrer\">46.38338N,73.89675W<\/a><\/p>\n<p>[\/et_pb_text][et_pb_text admin_label=&#8221;Establishment number:&#8221; _builder_version=&#8221;4.16&#8243; text_text_color=&#8221;#ffffff&#8221; header_4_text_color=&#8221;#ff6600&#8243; custom_padding=&#8221;|||10px|false|false&#8221; border_width_left=&#8221;2px&#8221; border_color_left=&#8221;#ff6600&#8243; global_colors_info=&#8221;{}&#8221;]<\/p>\n<div><span style=\"color: #ff6600;\">Establishment number:<\/div>\n<p>850259<\/p>\n<p>[\/et_pb_text][\/et_pb_column][et_pb_column type=&#8221;1_4&#8243; _builder_version=&#8221;4.16&#8243; global_colors_info=&#8221;{}&#8221;][et_pb_text admin_label=&#8221;Informations&#8221; _builder_version=&#8221;4.16&#8243; text_text_color=&#8221;#ffffff&#8221; header_4_text_color=&#8221;#ff6600&#8243; custom_padding=&#8221;|||10px|false|false&#8221; border_width_left=&#8221;2px&#8221; border_color_left=&#8221;#ff6600&#8243; global_colors_info=&#8221;{}&#8221;]<\/p>\n<h4>Informations<\/h4>\n<div><span style=\"color: #ff6600;\">Phone <\/span>(450) 883-1072<\/div>\n<div><span style=\"color: #ff6600;\">Toll Free <\/span>1-800-872-1072<\/div>\n<div><span style=\"color: #ff6600;\">Fax <\/span>(450) 883-8921<\/div>\n<div><span style=\"color: #ff6600;\">Email <\/span><a style=\"color: #ffffff;\" title=\"info@coinlavigne.com\" href=\"mailto:info@coinlavigne.com\">info@coinlavigne.com<\/a><\/div>\n<p>[\/et_pb_text][\/et_pb_column][et_pb_column type=&#8221;1_4&#8243; _builder_version=&#8221;4.16&#8243; global_colors_info=&#8221;{}&#8221;][et_pb_text admin_label=&#8221;En MailChimp Footer&#8221; _builder_version=&#8221;4.16&#8243; text_text_color=&#8221;#ffffff&#8221; header_4_text_color=&#8221;#ff6600&#8243; custom_padding=&#8221;|||10px|false|false&#8221; border_width_left=&#8221;2px&#8221; border_color_left=&#8221;#ff6600&#8243; global_colors_info=&#8221;{}&#8221;]<\/p>\n<h4>Newsletter<\/h4>\n<div> \t<link href=\"\/\/cdn-images.mailchimp.com\/embedcode\/slim-10_7.css\" rel=\"stylesheet\" type=\"text\/css\">\n<style type=\"text\/css\">\n\t#mc_embed_signup{background:#000; clear:left; width:350px;}\n<\/style>\n<div id=\"mc_embed_signup\">\n<form action=\"https:\/\/coinlavigne.us14.list-manage.com\/subscribe\/post?u=af32baae55e27f021e06d5036&amp;id=12161bf4c3\" method=\"post\" id=\"mc-embedded-subscribe-form\" name=\"mc-embedded-subscribe-form\" class=\"validate\" target=\"_blank\" novalidate=\"novalidate\">\n<div id=\"mc_embed_signup_scroll\">\n\t<input type=\"email\" value=\"\" name=\"EMAIL\" class=\"email\" id=\"mce-EMAIL\" placeholder=\"email address\" required=\"\" aria-required=\"true\"><\/p>\n<div style=\"position: absolute; left: -5000px;\" aria-hidden=\"true\"><input type=\"text\" name=\"b_af32baae55e27f021e06d5036_12161bf4c3\" tabindex=\"-1\" value=\"\"><\/div>\n<div class=\"clear\"><input type=\"submit\" value=\"Subscribe\" name=\"subscribe\" id=\"mc-embedded-subscribe\" class=\"button\"><\/div>\n<\/div>\n<\/form>\n<\/div>\n<\/div>\n<p>[\/et_pb_text][\/et_pb_column][\/et_pb_row][\/et_pb_section][et_pb_section fb_built=&#8221;1&#8243; _builder_version=&#8221;4.16&#8243; background_color=&#8221;#000000&#8243; custom_margin=&#8221;0px||0px|&#8221; custom_padding=&#8221;10px||0px|&#8221; global_colors_info=&#8221;{}&#8221;][et_pb_row module_class=&#8221; et_pb_row_fullwidth&#8221; _builder_version=&#8221;4.16&#8243; width=&#8221;89%&#8221; width_tablet=&#8221;80%&#8221; width_phone=&#8221;&#8221; width_last_edited=&#8221;on|desktop&#8221; max_width=&#8221;89%&#8221; max_width_tablet=&#8221;80%&#8221; max_width_phone=&#8221;&#8221; max_width_last_edited=&#8221;on|desktop&#8221; custom_margin=&#8221;0px||0px|&#8221; make_fullwidth=&#8221;on&#8221; global_colors_info=&#8221;{}&#8221;][et_pb_column type=&#8221;4_4&#8243; _builder_version=&#8221;4.16&#8243; custom_padding=&#8221;|||&#8221; global_colors_info=&#8221;{}&#8221; custom_padding__hover=&#8221;|||&#8221;][et_pb_text admin_label=&#8221;SEO Footer&#8221; _builder_version=&#8221;4.16&#8243; header_3_text_align=&#8221;center&#8221; global_colors_info=&#8221;{}&#8221;]<\/p>\n<h3>About us &#8211; Pourvoirie &#8211; Coin Lavigne &#8211; Family Outfitter &#8211; St-C\u00f4me Outfitter &#8211; Lanaudi\u00e8re Outfitter &#8211; Hunting &#8211; Fishing &#8211; Ice fishing &#8211; Trout &#8211; Rainbow trout &#8211; Speckled trout &#8211; Cottage &#8211; Lanaudi\u00e8re room rental &#8211; Cottage Rental &#8211; Lanaudi\u00e8re Cottage Rental &#8211; Snowmobile &#8211; Snowmobile Rental &#8211; ATV &#8211; ATV Rental &#8211; Yoast &#8211; Yoast Certified &#8211; Yoast SEO &#8211; <a href=\"https:\/\/info-clic.info\/en\/\">Info-Clic<\/a> &#8211; <a href=\"https:\/\/info-clic.info\/en\/\">Info-Clic.info<\/a> &#8211; <a href=\"https:\/\/info-clic.info\/en\/\">InfoClic<\/a> &#8211; <a href=\"https:\/\/info-clic.info\/en\/\">Info Clic<\/a> &#8211; <a href=\"https:\/\/info-clic.info\/en\/repertoire-entreprises\/\">Business directory<\/a> &#8211; <a href=\"https:\/\/info-clic.info\/en\/repertoire-entreprises\/\">Business Registrar<\/a> &#8211; <a href=\"https:\/\/info-clic.info\/en\/repertoire-entreprises\/\">Business Registry<\/a> &#8211; <a href=\"https:\/\/info-clic.info\/en\/repertoire-entreprises\/\">Company Directory<\/a> &#8211; <a href=\"https:\/\/info-clic.info\/en\/repertoire-entreprises\/\">Directory of businesses<\/a> &#8211; <a href=\"https:\/\/info-clic.info\/en\/publication\/coin-lavigne\/\">Category &#8211; Outdoor &#8211; Sports and Leisure<\/a> &#8211; <a href=\"https:\/\/info-clic.info\/en\/publication\/coin-lavigne\/\">Photo Gallery Info-Clic<\/a> &#8211; <a href=\"https:\/\/info-clic.info\/en\/publication\/coin-lavigne\/\">Business location<\/a> &#8211; <a href=\"https:\/\/info-clic.info\/en\/publication\/coin-lavigne\/\">Payment method and Commodities<\/a> &#8211; <a href=\"https:\/\/info-clic.info\/en\/publication\/coin-lavigne\/\">Profile Info-Clic<\/a> &#8211; <a href=\"https:\/\/info-clic.info\/en\/publication\/coin-lavigne\/\">Review<\/a> &#8211; <a href=\"https:\/\/info-clic.info\/en\/publication\/coin-lavigne\/\">Info-Clic Coin Lavigne<\/a> &#8211; <a href=\"https:\/\/info-clic.info\/en\/publication\/coin-lavigne\/\">Coin Lavigne on Info-Clic<\/a> &#8211; <a href=\"https:\/\/info-clic.info\/en\/publication\/coin-lavigne\/\">Coin Lavigne &#8211; Business directory Info-Clic<\/a> &#8211; <a href=\"https:\/\/info-clic.info\/en\/publication\/coin-lavigne\/\">Coin Lavigne &#8211; Business Registrar Info-Clic<\/a> &#8211; <a href=\"https:\/\/info-clic.info\/en\/publication\/coin-lavigne\/\">Coin Lavigne &#8211; Business Registry Info-Clic<\/a> &#8211; <a href=\"https:\/\/info-clic.info\/en\/publication\/coin-lavigne\/\">Coin Lavigne &#8211; Directory of businesses Info-Clic<\/a> &#8211; St-C\u00f4me &#8211; Mont-Tremblant Park &#8211; Upper Matawinie &#8211; Lanaudi\u00e8re &#8211; Quebec &#8211; Qc<\/h3>\n<p>[\/et_pb_text][\/et_pb_column][\/et_pb_row][\/et_pb_section]<\/p>\n<span class=\"et_bloom_bottom_trigger\"><\/span>","protected":false},"excerpt":{"rendered":"<p>About us\u2026 Coin Lavigne Outfitter\u00a0is one of the oldest outfitters in the Lanaudi\u00e8re region. Unlike most outfitters, who at the time were private clubs of American, the Coin Lavigne was a relay for loggers until the late 1940s. Later on, about 6 owners have followed up until today. Myl\u00e8ne and I, Sylvain, have made the\u2026 <a href=\"https:\/\/coinlavigne.com\/en\/about-us\/\">Read More &raquo;<\/a><\/p>\n","protected":false},"author":1,"featured_media":0,"parent":0,"menu_order":0,"comment_status":"closed","ping_status":"closed","template":"","meta":{"_et_pb_use_builder":"on","_et_pb_old_content":"","_et_gb_content_width":"","footnotes":""},"class_list":["post-12253","page","type-page","status-publish","hentry"],"yoast_head":"<!-- This site is optimized with the Yoast SEO Premium plugin v19.1 (Yoast SEO v27.2) - https:\/\/yoast.com\/product\/yoast-seo-premium-wordpress\/ -->\n<title>About us - Pourvoirie Coin Lavigne - St-C\u00f4me - Lanaudi\u00e8re<\/title>\n<meta name=\"description\" content=\"About us. Pourvoirie. Coin Lavigne. Fishing. Trouts. Hunting. Rental. Cottage. Snowmobile. ATV. Ice fishing. Fishing on ice. Lanaudi\u00e8re. St-C\u00f4me. Qu\u00e9bec.\" \/>\n<meta name=\"robots\" content=\"index, follow, max-snippet:-1, max-image-preview:large, max-video-preview:-1\" \/>\n<link rel=\"canonical\" href=\"https:\/\/coinlavigne.com\/en\/about-us\/\" \/>\n<meta property=\"og:locale\" content=\"en_US\" \/>\n<meta property=\"og:type\" content=\"article\" \/>\n<meta property=\"og:title\" content=\"About us\" \/>\n<meta property=\"og:description\" content=\"About us. Pourvoirie. Coin Lavigne. Fishing. Trouts. Hunting. Rental. Cottage. Snowmobile. ATV. Ice fishing. Fishing on ice. Lanaudi\u00e8re. St-C\u00f4me. Qu\u00e9bec.\" \/>\n<meta property=\"og:url\" content=\"https:\/\/coinlavigne.com\/en\/about-us\/\" \/>\n<meta property=\"og:site_name\" content=\"Pourvoirie Coin Lavigne\" \/>\n<meta property=\"article:modified_time\" content=\"2024-11-12T02:13:07+00:00\" \/>\n<meta name=\"twitter:card\" content=\"summary_large_image\" \/>\n<meta name=\"twitter:label1\" content=\"Est. reading time\" \/>\n\t<meta name=\"twitter:data1\" content=\"9 minutes\" \/>\n<script type=\"application\/ld+json\" class=\"yoast-schema-graph\">{\"@context\":\"https:\/\/schema.org\",\"@graph\":[{\"@type\":\"WebPage\",\"@id\":\"https:\/\/coinlavigne.com\/en\/about-us\/\",\"url\":\"https:\/\/coinlavigne.com\/en\/about-us\/\",\"name\":\"About us - Pourvoirie Coin Lavigne - St-C\u00f4me - Lanaudi\u00e8re\",\"isPartOf\":{\"@id\":\"https:\/\/coinlavigne.com\/#website\"},\"datePublished\":\"2018-10-02T18:47:31+00:00\",\"dateModified\":\"2024-11-12T02:13:07+00:00\",\"description\":\"About us. Pourvoirie. Coin Lavigne. Fishing. Trouts. Hunting. Rental. Cottage. Snowmobile. ATV. Ice fishing. Fishing on ice. Lanaudi\u00e8re. St-C\u00f4me. Qu\u00e9bec.\",\"breadcrumb\":{\"@id\":\"https:\/\/coinlavigne.com\/en\/about-us\/#breadcrumb\"},\"inLanguage\":\"en-US\",\"potentialAction\":[{\"@type\":\"ReadAction\",\"target\":[\"https:\/\/coinlavigne.com\/en\/about-us\/\"]}]},{\"@type\":\"BreadcrumbList\",\"@id\":\"https:\/\/coinlavigne.com\/en\/about-us\/#breadcrumb\",\"itemListElement\":[{\"@type\":\"ListItem\",\"position\":1,\"name\":\"Home\",\"item\":\"https:\/\/coinlavigne.com\/en\/\"},{\"@type\":\"ListItem\",\"position\":2,\"name\":\"About us\"}]},{\"@type\":\"WebSite\",\"@id\":\"https:\/\/coinlavigne.com\/#website\",\"url\":\"https:\/\/coinlavigne.com\/\",\"name\":\"Pourvoirie Coin Lavigne\",\"description\":\"Votre destination P\u00caCHE !\",\"potentialAction\":[{\"@type\":\"SearchAction\",\"target\":{\"@type\":\"EntryPoint\",\"urlTemplate\":\"https:\/\/coinlavigne.com\/?s={search_term_string}\"},\"query-input\":{\"@type\":\"PropertyValueSpecification\",\"valueRequired\":true,\"valueName\":\"search_term_string\"}}],\"inLanguage\":\"en-US\"}]}<\/script>\n<!-- \/ Yoast SEO Premium plugin. -->","yoast_head_json":{"title":"About us - Pourvoirie Coin Lavigne - St-C\u00f4me - Lanaudi\u00e8re","description":"About us. Pourvoirie. Coin Lavigne. Fishing. Trouts. Hunting. Rental. Cottage. Snowmobile. ATV. Ice fishing. Fishing on ice. Lanaudi\u00e8re. St-C\u00f4me. Qu\u00e9bec.","robots":{"index":"index","follow":"follow","max-snippet":"max-snippet:-1","max-image-preview":"max-image-preview:large","max-video-preview":"max-video-preview:-1"},"canonical":"https:\/\/coinlavigne.com\/en\/about-us\/","og_locale":"en_US","og_type":"article","og_title":"About us","og_description":"About us. Pourvoirie. Coin Lavigne. Fishing. Trouts. Hunting. Rental. Cottage. Snowmobile. ATV. Ice fishing. Fishing on ice. Lanaudi\u00e8re. St-C\u00f4me. Qu\u00e9bec.","og_url":"https:\/\/coinlavigne.com\/en\/about-us\/","og_site_name":"Pourvoirie Coin Lavigne","article_modified_time":"2024-11-12T02:13:07+00:00","twitter_card":"summary_large_image","twitter_misc":{"Est. reading time":"9 minutes"},"schema":{"@context":"https:\/\/schema.org","@graph":[{"@type":"WebPage","@id":"https:\/\/coinlavigne.com\/en\/about-us\/","url":"https:\/\/coinlavigne.com\/en\/about-us\/","name":"About us - Pourvoirie Coin Lavigne - St-C\u00f4me - Lanaudi\u00e8re","isPartOf":{"@id":"https:\/\/coinlavigne.com\/#website"},"datePublished":"2018-10-02T18:47:31+00:00","dateModified":"2024-11-12T02:13:07+00:00","description":"About us. Pourvoirie. Coin Lavigne. Fishing. Trouts. Hunting. Rental. Cottage. Snowmobile. ATV. Ice fishing. Fishing on ice. Lanaudi\u00e8re. St-C\u00f4me. Qu\u00e9bec.","breadcrumb":{"@id":"https:\/\/coinlavigne.com\/en\/about-us\/#breadcrumb"},"inLanguage":"en-US","potentialAction":[{"@type":"ReadAction","target":["https:\/\/coinlavigne.com\/en\/about-us\/"]}]},{"@type":"BreadcrumbList","@id":"https:\/\/coinlavigne.com\/en\/about-us\/#breadcrumb","itemListElement":[{"@type":"ListItem","position":1,"name":"Home","item":"https:\/\/coinlavigne.com\/en\/"},{"@type":"ListItem","position":2,"name":"About us"}]},{"@type":"WebSite","@id":"https:\/\/coinlavigne.com\/#website","url":"https:\/\/coinlavigne.com\/","name":"Pourvoirie Coin Lavigne","description":"Votre destination P\u00caCHE !","potentialAction":[{"@type":"SearchAction","target":{"@type":"EntryPoint","urlTemplate":"https:\/\/coinlavigne.com\/?s={search_term_string}"},"query-input":{"@type":"PropertyValueSpecification","valueRequired":true,"valueName":"search_term_string"}}],"inLanguage":"en-US"}]}},"_links":{"self":[{"href":"https:\/\/coinlavigne.com\/en\/wp-json\/wp\/v2\/pages\/12253","targetHints":{"allow":["GET"]}}],"collection":[{"href":"https:\/\/coinlavigne.com\/en\/wp-json\/wp\/v2\/pages"}],"about":[{"href":"https:\/\/coinlavigne.com\/en\/wp-json\/wp\/v2\/types\/page"}],"author":[{"embeddable":true,"href":"https:\/\/coinlavigne.com\/en\/wp-json\/wp\/v2\/users\/1"}],"replies":[{"embeddable":true,"href":"https:\/\/coinlavigne.com\/en\/wp-json\/wp\/v2\/comments?post=12253"}],"version-history":[{"count":10,"href":"https:\/\/coinlavigne.com\/en\/wp-json\/wp\/v2\/pages\/12253\/revisions"}],"predecessor-version":[{"id":16836,"href":"https:\/\/coinlavigne.com\/en\/wp-json\/wp\/v2\/pages\/12253\/revisions\/16836"}],"wp:attachment":[{"href":"https:\/\/coinlavigne.com\/en\/wp-json\/wp\/v2\/media?parent=12253"}],"curies":[{"name":"wp","href":"https:\/\/api.w.org\/{rel}","templated":true}]}}